{"id":108,"date":"2020-03-07T09:05:27","date_gmt":"2020-03-07T13:05:27","guid":{"rendered":"https:\/\/thepridhamgroup.mydev.ca\/mapsws\/?page_id=108"},"modified":"2024-06-18T13:56:24","modified_gmt":"2024-06-18T16:56:24","slug":"nbmap","status":"publish","type":"page","link":"https:\/\/nb-map.ca\/fr\/nbmap\/","title":{"rendered":"PMANB"},"content":{"rendered":"<h2 class=\"translation-block\"><span class=\"fl-heading-text\">FOURNIR AUX MENTORS LES OUTILS DONT ILS ONT BESOIN POUR TRANSMETTRE LEURS CONNAISSANCES<\/span><\/h2>\n\t\t\t\t<img decoding=\"async\" src=\"https:\/\/nb-map.ca\/wp-content\/uploads\/2021\/02\/NBMAP-PMANB-Logo.png\" alt=\"NBMAP Logo\" itemprop=\"image\" title=\"NBMAP Logo\" onerror=\"this.style.display='none'\"  \/>\n\t<p class=\"translation-block\">Le <strong>PMA-NB<\/strong> Programme Mentor Apprenti du Nouveau-Brunswick) aide les employeurs de tous les secteurs d\u2019activit\u00e9 et le mouvement syndical \u00e0 susciter une culture d\u2019apprentissage dans leurs milieux de travail en rehaussant la qualit\u00e9 de la formation et du transfert de connaissances pour les mentor\u00e9s, en offrant aux mentors de l\u2019aide en enseignement et en encadrement, et en outillant les cadres sup\u00e9rieurs pour qu\u2019ils soient toujours des promoteurs de l\u2019apprentissage en milieu de travail.<\/p>\n<p class=\"translation-block\">Conscient de la diversit\u00e9 des milieux de travail, le \n <strong>PMA-NB<\/strong>\u00a0offre aux employeurs des <strong>solutions personnalisables de gestion du changement<\/strong> appliqu\u00e9es aux effectifs et aux ressources humaines, passant par des strat\u00e9gies de mentorat efficaces.<\/p>\n\t\t\t\t<img loading=\"lazy\" decoding=\"async\" src=\"https:\/\/nb-map.ca\/wp-content\/uploads\/2021\/12\/nbmap-mentoring.png\" alt=\"NBMAP Mentoring\" itemprop=\"image\" height=\"1200\" width=\"1200\" title=\"nbmap-mentoring\" onerror=\"this.style.display='none'\"  \/>\n\t<h2 class=\"translation-block\"><strong>FORMATION<\/strong> OFFERTE<\/h2>\n<p>L\u2019apprentissage signifie le transfert des comp\u00e9tences et des connaissances. Ainsi, il est essentiel qu\u2019un mentor sache comment transmettre ses connaissances techniques, une attitude professionnelle et un bon comportement \u00e0 ses apprentis. Le mentorat se veut de plus en plus important, car les milieux de travail deviennent plus diversifi\u00e9s et inclusifs et les recherches d\u00e9montrent qu\u2019une grande partie de la g\u00e9n\u00e9ration du mill\u00e9naire souhaite avoir un mentor dans le milieu du travail.<\/p>\n<p class=\"translation-block\"><strong><a href=\"https:\/\/nb-map.ca\/wp-content\/uploads\/2021\/12\/NBMAP-Apprentice-Workshop-English.pdf\" target=\"_blank\" rel=\"noopener\">L\u2019ATELIER POUR APPRENTIS <\/a><\/strong> Mentorship Matters (l\u2019importance du mentorat) aide les apprentis \u00e0 adh\u00e9rer \u00e0 une culture d\u2019apprentissage dans leur milieu de travail, assurant ainsi une meilleure qualit\u00e9 de formation et de transfert de connaissance, menant \u00e0 la r\u00e9tention d\u2019employ\u00e9s et la s\u00e9curit\u00e9 des apprentis.<\/p>\n<p class=\"translation-block\"><strong><a href=\"https:\/\/nb-map.ca\/wp-content\/uploads\/2022\/02\/NBMAP-Mentor-Workshop-French.pdf\" target=\"_blank\" rel=\"noopener\">L\u2019ATELIER POUR MENTORS<\/a><\/strong>(l\u2019importance du mentorat) fournit du soutien en mati\u00e8re d\u2019enseignement et d\u2019encadrement aux compagnons afin que ceux-ci puissent maximiser les moments de mentorat avec les apprentis. Il fournit \u00e9galement des outils afin que les superviseurs puissent soutenir l\u2019apprentissage en cours d\u2019emploi de fa\u00e7on continue.<\/p>\n\t<h2 class=\"translation-block\">NOS <strong>CLIENTS<\/strong><\/h2>\n<p>Nos clients sont des employeurs avant-gardistes et des \u00e9tablissements d\u2019enseignement de gens de m\u00e9tiers sp\u00e9cialis\u00e9s qui comprennent que former la prochaine g\u00e9n\u00e9ration de main-d\u2019\u0153uvre dans les m\u00e9tiers sp\u00e9cialis\u00e9s signifie qu\u2019en investissant dans le temps et la formation maintenant, ils investissent dans la main-d\u2019\u0153uvre future.<\/p>\n<p>&nbsp;<\/p>\n<blockquote><p><em>&#8220;The partnership with NB-MAP is the perfect match to ensure the knowledge is transferred to the new generation to come.&#8221;<\/em><\/p>\n<p>&#8211; Gaetan Thomas, President and CEO NB Power<\/p><\/blockquote>\n\t\t\t\t<a href=\"https:\/\/nb-map.ca\/wp-content\/uploads\/2022\/02\/NBMAP-Apprentice-Workshop-French.pdf\" target=\"_blank\" rel=\"noopener\" itemprop=\"url\">\n\t\t\t\t<img loading=\"lazy\" decoding=\"async\" src=\"https:\/\/nb-map.ca\/wp-content\/uploads\/2022\/02\/NBMAP-Apprentice-Workshop-French.png\" alt=\"Apprentice Workshop Information\" itemprop=\"image\" height=\"1200\" width=\"927\" title=\"NBMAP-Apprentice-Workshop-English\" onerror=\"this.style.display='none'\"  \/>\n\t\t\t\t<\/a>\n\t\t\t\t<a href=\"https:\/\/nb-map.ca\/wp-content\/uploads\/2022\/02\/NBMAP-Mentor-Workshop-French.pdf\" target=\"_blank\" rel=\"noopener\" itemprop=\"url\">\n\t\t\t\t<img loading=\"lazy\" decoding=\"async\" src=\"https:\/\/nb-map.ca\/wp-content\/uploads\/2022\/02\/NBMAP-Mentor-Workshop-French.png\" alt=\"Mentor Workshop Information\" itemprop=\"image\" height=\"1200\" width=\"927\" title=\"NBMAP-Mentor-Workshop-English\" onerror=\"this.style.display='none'\"  \/>\n\t\t\t\t<\/a>\n\t<p><iframe loading=\"lazy\" src=\"https:\/\/www.youtube.com\/embed\/2aWUedaHqVc\" width=\"650\" height=\"378\" frameborder=\"0\" allowfullscreen=\"allowfullscreen\"><\/iframe><\/p>\n\t\t\t<a href=\"https:\/\/nb-map.ca\/fr\/contact\/\" target=\"_self\" rel=\"noopener\">\n\t\t\t\t\t\t\tContactez-nous\n\t\t\t\t\t<\/a>\n\t\t\t\t<img loading=\"lazy\" decoding=\"async\" src=\"https:\/\/nb-map.ca\/wp-content\/uploads\/2021\/11\/GOCwordmark.jpg\" alt=\"Canada Logo\" itemprop=\"image\" height=\"83\" width=\"266\" title=\"GOCwordmark\" onerror=\"this.style.display='none'\"  \/>\n\t\t\t\t<img loading=\"lazy\" decoding=\"async\" src=\"https:\/\/nb-map.ca\/wp-content\/uploads\/2021\/11\/nbbtu_logo.png\" alt=\"nbbtu_logo\" itemprop=\"image\" height=\"126\" width=\"399\" title=\"nbbtu_logo\" onerror=\"this.style.display='none'\"  \/>","protected":false},"excerpt":{"rendered":"<p>EQUIPPING MENTORS WITH THE TOOLSTO PASS ON THEIR KNOWLEDGE NB-MAP\u00a0(New Brunswick Mentor Apprentice Program) helps employers across all business sectors and organized labour develop learning cultures in their respective workplaces by increasing the quality of training and knowledge transfer for mentees, offering teaching and coaching assistance to mentors, and providing tools for senior staff to&hellip;<\/p>","protected":false},"author":2,"featured_media":7911,"parent":0,"menu_order":10,"comment_status":"closed","ping_status":"closed","template":"","meta":{"_acf_changed":false,"_seopress_robots_primary_cat":"","_seopress_titles_title":"","_seopress_titles_desc":"","_seopress_robots_index":"","footnotes":""},"class_list":["post-108","page","type-page","status-publish","has-post-thumbnail","hentry"],"acf":[],"_links":{"self":[{"href":"https:\/\/nb-map.ca\/fr\/wp-json\/wp\/v2\/pages\/108","targetHints":{"allow":["GET"]}}],"collection":[{"href":"https:\/\/nb-map.ca\/fr\/wp-json\/wp\/v2\/pages"}],"about":[{"href":"https:\/\/nb-map.ca\/fr\/wp-json\/wp\/v2\/types\/page"}],"author":[{"embeddable":true,"href":"https:\/\/nb-map.ca\/fr\/wp-json\/wp\/v2\/users\/2"}],"replies":[{"embeddable":true,"href":"https:\/\/nb-map.ca\/fr\/wp-json\/wp\/v2\/comments?post=108"}],"version-history":[{"count":45,"href":"https:\/\/nb-map.ca\/fr\/wp-json\/wp\/v2\/pages\/108\/revisions"}],"predecessor-version":[{"id":26876,"href":"https:\/\/nb-map.ca\/fr\/wp-json\/wp\/v2\/pages\/108\/revisions\/26876"}],"wp:featuredmedia":[{"embeddable":true,"href":"https:\/\/nb-map.ca\/fr\/wp-json\/wp\/v2\/media\/7911"}],"wp:attachment":[{"href":"https:\/\/nb-map.ca\/fr\/wp-json\/wp\/v2\/media?parent=108"}],"curies":[{"name":"wp","href":"https:\/\/api.w.org\/{rel}","templated":true}]}}