{"id":143,"date":"2020-03-07T09:32:58","date_gmt":"2020-03-07T13:32:58","guid":{"rendered":"https:\/\/thepridhamgroup.mydev.ca\/mapsws\/?page_id=143"},"modified":"2024-06-19T10:01:21","modified_gmt":"2024-06-19T13:01:21","slug":"distinction-in-mentorship-awards-2019","status":"publish","type":"page","link":"https:\/\/nb-map.ca\/fr\/upcoming-events\/distinction-in-mentorship-awards-2019\/","title":{"rendered":"Prix de distinction en mentorat 2019"},"content":{"rendered":"<p>Le jeudi 7 novembre, les m\u00e9tiers de la construction du Nouveau-Brunswick ont c\u00e9l\u00e9br\u00e9 leur longue histoire de mentorat en milieu de travail et le d\u00e9veloppement d'apprentis au 5\u00e8me Gala des Prix de Distinction en Mentorat au Pavillon de Lily Lake \u00e0 Saint John, N.-B.<\/p>\n<p>Cet \u00e9v\u00e9nement annuel apporte une attention particuli\u00e8re aux travailleurs des m\u00e9tiers sp\u00e9cialis\u00e9s qui d\u00e9dient chaque jour de travail non seulement \u00e0 produire en s\u00e9curit\u00e9 du travail de haute qualit\u00e9, mais aussi au mentorat en guidant et en enseignant leur m\u00e9tier \u00e0 la prochaine g\u00e9n\u00e9ration de main d'oeuvre en construction, leurs apprentis.<\/p>\n<p>Get to know this year&#8217;s award winners and nominees through the videos below.<\/p>\n<h2>\n\t\tLES GAGNANTS DES PRIX DE DISTINCTION EN MENTORAT 2019\n\t<\/h2>\n<h3>\n\t\tChampion de l'industrie\n\t<\/h3>\n<h4>\n\t\tSCIERIES CHALEUR\n\t<\/h4>\n\t<p>Les Champions de l'industrie du PMANB \u00e9tablissent les normes d'excellence pour l'industrie concernant l'enseignement, la s\u00e9curit\u00e9 et l'apprentissage en milieu de travail. \u00c9tablie en 1994, la Scieries Chaleur est un organisme \u00e0 la fine pointe de la technologie. Avec son personnel comp\u00e9tent et dynamique, Scieries Chaleur est devenue l'une des entreprises les plus efficaces dans le secteur du bois de charpente et autres produits forestiers. Mettant l'accent sur la s\u00e9curit\u00e9, la qualit\u00e9, la durabilit\u00e9 et l'am\u00e9 lioration continue, la Scieries Chaleur est un chef de file de l'industrie \u00e9tablie avec plus de 25 ans d'exp\u00e9rience dans la commercialisation de bois d'uvre en Am\u00e9rique du Nord.<\/p>\n<p>&#8220;It was very important for Chaleur Sawmills to partner with NBMAP because we needed some expertise, and probably another set of eyes, to get us to realize how important it is for our journeymen to lead and to be safer on the job and to be ready to mentor,&#8221; ~ Mario Arseneault, Public and Corporate Relations, Chaleur Sawmills.<\/p>\n<p>La Scieries Chaleur ont investi dans leur effectif en offrant une formation en mentorat \u00e0 un groupe diversifi\u00e9 d'employ\u00e9s de scieries, notamment des \u00e9lectriciens, des m\u00e9 caniciens de chantier, des chaudronniers, des ing\u00e9nieurs, du personnel des op\u00e9rations et des concierges. Ils ont reconnu l'importance du transfert des comp\u00e9tences et des connaissances des compagnons aux apprentis et ont pris les mesures n\u00e9cessaires pour que leurs \u00e9quipes disposent de la formation n\u00e9cessaire pour mentorat efficacement les futures g\u00e9n\u00e9rations d'employ\u00e9s de scieries. Cette organisation a inclus un programme de mentorat dans son processus d'orientation et s'engage r\u00e9ellement \u00e0 int\u00e9grer une philosophie de mentorat \u00e0 l'ensemble de son effectif.<\/p>\n<p><iframe loading=\"lazy\" src=\"https:\/\/www.youtube.com\/embed\/AxDCcQPxtYo\" width=\"800\" height=\"450\" frameborder=\"0\" allowfullscreen=\"allowfullscreen\"><\/iframe><\/p>\n<h3>\n\t\tMa\u00eetre Mentor\n\t<\/h3>\n<h4>\n\t\tEdgar Leblanc, Centre De Formation Sur La Toiture, E. Leblanc Roof Observer Ltd., Ferblantier Locale 437\n\t<\/h4>\n\t<p>Le Ma\u00eetre Mentor incarne les qualit\u00e9s d'un mentor efficace en milieu de travail chaque jour et offre une contribution hors pair au d\u00e9veloppement d'apprentis.<\/p>\n<p>Edgar Leblanc est un couvreur Sceau Rouge exp\u00e9riment\u00e9 et propri\u00e9taire de E. LeBlanc Roof Observer Ltd. Avec plus de deux d\u00e9cennies d\u2019exp\u00e9rience, il a assum\u00e9 plusieurs r\u00f4les de leadership, y compris un poste d\u2019instructeur au Centre de formation en toiture \u00e0 Saint John. Il fournit constamment des conseils, des encouragements et du mentorat aux apprentis de son m\u00e9tier. Il est connu pour \u00eatre une personne vraiment patiente qui se concentre sur le mentorat des apprentis tout au long du programme.<\/p>\n<p>&#8220;Edgar is a level-headed, patient and hard-working person. He reads people very well and will assist anyone that is trying. Edgar respects every apprentice and in turn they respect him.&#8221; &#8211; Ron Hutton &amp; Dave Mowbray<\/p>\n<p><iframe loading=\"lazy\" src=\"https:\/\/www.youtube.com\/embed\/cFBzSRWTPT4\" width=\"800\" height=\"450\" frameborder=\"0\" allowfullscreen=\"allowfullscreen\"><\/iframe><\/p>\n<h3>\n\t\tApprenti Exceptionnel\n\t<\/h3>\n<h4>\n\t\tPascal Doiron, Apprenti M\u00e9canicien De V\u00e9hicules Automobiles, Jps Garage, Nbcc Moncton, Comp\u00e9tences Canada N.-B.\n\t<\/h4>\n\t<p>Pascal Doiron est un apprenti en technologie de v\u00e9hicules automobiles employ\u00e9 chez JPs Garage \u00e0 Dieppe. Il est extr\u00eamement passionn\u00e9 par son m\u00e9tier et est pr\u00ea t \u00e0 discuter de tout ce qui a trait \u00e0 l'automobile, m\u00eame s'il ne travaille pas ou ne se pr\u00e9pare pas \u00e0 participer \u00e0 des comp\u00e9titions. Il s'engage vraiment \u00e0 \u00eatre l'un des meilleurs et consacre souvent une journ\u00e9e compl\u00e8te de travail avant de rentrer chez lui pour s'entra\u00eener davantage aux techniques n\u00e9cessaires \u00e0 la comp\u00e9 tition. Pascal est connu pour ne jamais reculer devant un d\u00e9fi et a particip\u00e9 \u00e0 son premier concours national de Comp\u00e9tences Canada en tant qu'\u00e9tudiant en pr\u00e9-emploi.<\/p>\n<p>&#8220;Pascal is truly one of a kind in every way. Never have I had the opportunity to work with an apprentice who is so passionate about what he does, even when he is not working or competing Pascal is always talking about his trade.&#8221; &#8211; Courtney Donovan &amp; Lloyd Keirstead<\/p>\n<p><iframe loading=\"lazy\" src=\"https:\/\/www.youtube.com\/embed\/1RU1YGPqkc4\" width=\"800\" height=\"450\" frameborder=\"0\" allowfullscreen=\"allowfullscreen\"><\/iframe><\/p>","protected":false},"excerpt":{"rendered":"<p>On November 7th, 2019 the construction trades in New Brunswick celebrated their long history of on-the-job mentorship and apprentice development at the NBMAP 5th Annual Distinction in Mentorship Awards Gala at the Lily Lake Pavilion in Saint John, NB. This annual event brings special attention to the skilled tradespeople who dedicate each workday not only&hellip;<\/p>","protected":false},"author":2,"featured_media":566,"parent":171,"menu_order":10,"comment_status":"closed","ping_status":"closed","template":"","meta":{"_acf_changed":false,"_seopress_robots_primary_cat":"","_seopress_titles_title":"","_seopress_titles_desc":"","_seopress_robots_index":"","footnotes":""},"class_list":["post-143","page","type-page","status-publish","has-post-thumbnail","hentry"],"acf":[],"_links":{"self":[{"href":"https:\/\/nb-map.ca\/fr\/wp-json\/wp\/v2\/pages\/143","targetHints":{"allow":["GET"]}}],"collection":[{"href":"https:\/\/nb-map.ca\/fr\/wp-json\/wp\/v2\/pages"}],"about":[{"href":"https:\/\/nb-map.ca\/fr\/wp-json\/wp\/v2\/types\/page"}],"author":[{"embeddable":true,"href":"https:\/\/nb-map.ca\/fr\/wp-json\/wp\/v2\/users\/2"}],"replies":[{"embeddable":true,"href":"https:\/\/nb-map.ca\/fr\/wp-json\/wp\/v2\/comments?post=143"}],"version-history":[{"count":12,"href":"https:\/\/nb-map.ca\/fr\/wp-json\/wp\/v2\/pages\/143\/revisions"}],"predecessor-version":[{"id":26886,"href":"https:\/\/nb-map.ca\/fr\/wp-json\/wp\/v2\/pages\/143\/revisions\/26886"}],"up":[{"embeddable":true,"href":"https:\/\/nb-map.ca\/fr\/wp-json\/wp\/v2\/pages\/171"}],"wp:featuredmedia":[{"embeddable":true,"href":"https:\/\/nb-map.ca\/fr\/wp-json\/wp\/v2\/media\/566"}],"wp:attachment":[{"href":"https:\/\/nb-map.ca\/fr\/wp-json\/wp\/v2\/media?parent=143"}],"curies":[{"name":"wp","href":"https:\/\/api.w.org\/{rel}","templated":true}]}}