{"id":147,"date":"2020-03-07T09:34:01","date_gmt":"2020-03-07T13:34:01","guid":{"rendered":"https:\/\/thepridhamgroup.mydev.ca\/mapsws\/?page_id=147"},"modified":"2024-07-10T11:39:25","modified_gmt":"2024-07-10T14:39:25","slug":"new-boots","status":"publish","type":"page","link":"https:\/\/nb-map.ca\/fr\/new-boots\/","title":{"rendered":"Nouvelles Bottes"},"content":{"rendered":"<h2>\n\t\tResponsabiliser Les Femmes De M\u00e9tier\n\t<\/h2>\n\t<p><strong>Nouvelles Bottes : Le progr\u00e8s des femmes+ dans les m\u00e9tiers<\/strong> est un r\u00e9seau provincial et un centre de ressources d\u00e9di\u00e9 \u00e0 la promotion, au soutien et au mentorat des femmes+. Nous nous concentrons sur des secteurs tels que la construction, la fabrication, le transport, la foresterie et les services.<\/p>\n\t\t\t\t<a href=\"https:\/\/nb-map.ca\/fr\/new-boots\/\" target=\"_self\" itemprop=\"url\" rel=\"noopener\">\n\t\t\t\t<img loading=\"lazy\" decoding=\"async\" src=\"https:\/\/nb-map.ca\/wp-content\/uploads\/2024\/01\/NEWBOOTS-Logo-300x300.png\" alt=\"NEW BOOTS - NOUVELLE BOTTES Logo\" itemprop=\"image\" height=\"300\" width=\"300\" title=\"NEWBOOTS-Logo\" onerror=\"this.style.display='none'\"  \/>\n\t\t\t\t<\/a>\n<h3>\n\t\tNouvelles Bottes est votre r\u00e9seau d\u00e9di\u00e9 et votre centre de ressources si vous :\n\t<\/h3>\n\t\t\t<h3> Explorez une carri\u00e8re dans un m\u00e9tier sp\u00e9cialis\u00e9<\/h3>\t\t\n\t\t\t<h3> \u00cates inscrites \u00e0 un programme de formation pr\u00e9alable \u00e0 l\u2019emploi dans un m\u00e9tier sp\u00e9cialis\u00e9<\/h3>\t\t\n\t\t\t<h3> \u00cates inscrites comme apprenties<\/h3>\t\t\n\t\t\t<h3> \u00cates une compagne certifi\u00e9e<\/h3>\t\t\n\t<h3>\n\t\tNos services comprennent :\n\t<\/h3>\n\t\t\t<h3> Vous mettre en relation avec un r\u00e9seau de femmes de m\u00e9tier<\/h3>\t\t\n\t\t\t<h3> Offrir du mentorat par des femmes de m\u00e9tier exp\u00e9riment\u00e9es<\/h3>\t\t\n\t\t\t<h3> Offrir des ressources, des outils et des r\u00e9f\u00e9rences vers des services essentiels<\/h3>\t\t\n\t\t\t<h3> De l\u2019appui \u00e0 la main-d'\u0153uvre, y compris les pistes d'emploi et la r\u00e9daction de CV<\/h3>\t\t\n\t\t\t<h3> Cr\u00e9er des possibilit\u00e9s de sensibilisation et de participation communautaires<\/h3>\t\t\n\t<h3>\n\t\tRegister today, and let&#8217;s build your future together!\n\t<\/h3>\n<h3>\n\t\t&#8220;Explore, Learn, and Grow with Us!\n\t<\/h3>\n\t\t\t<h3> Exploration de carri\u00e8re :<\/h3> <p>Aide \u00e0 l'exploration de carri\u00e8res dans les m\u00e9tiers sp\u00e9cialis\u00e9s non traditionnels.<\/p>\t\t\n\t\t\t<h3> \u00c9ducation :<\/h3> <p>Renseignements sur les programmes de pr\u00e9paration \u00e0 l'emploi des m\u00e9tiers sp\u00e9cialis\u00e9s au Nouveau-Brunswick.<\/p>\t\t\n\t\t\t<h3> Perspectives du march\u00e9 du travail:<\/h3> <p>Stay updated on NB&#8217;s job market.<\/p>\t\t\n\t\t\t<h3> Placement :<\/h3> <p>Aide \u00e0 trouver un emploi dans votre r\u00e9gion.<\/p>\t\t\n\t\t\t<h3> R\u00e9daction de CV :<\/h3> <p>Aide \u00e0 la r\u00e9daction d'un curriculum vitae.<\/p>\t\t\n\t\t\t<h3> R\u00e9seautage :<\/h3> <p>Connectez-vous avec des professionnels de votre domaine.<\/p>\t\t\n\t\t\t<h3> Femmes dans les m\u00e9tiers:<\/h3> <p>Rejoignez un r\u00e9seau de femmes dans les m\u00e9tiers.<\/p>\t\t\n\t\t\t<h3> Possibilit\u00e9s de b\u00e9n\u00e9volat:<\/h3> <p>Participer \u00e0 des \u00e9v\u00e9nements de soutien aux femmes dans les m\u00e9tiers.<\/p>\t\t\n\t\t\t<h3> Devenez un mentor:<\/h3> <p>Guider les filles et les femmes en tant qu'apprenties ou compagnes.<\/p>\t\t\n\t\t\t<h3> Ambassadrice Nouvelles bottes :<\/h3> <p>Valoriser les carri\u00e8res dans les m\u00e9tiers sp\u00e9cialis\u00e9s lors de foires d'exploration et d'\u00e9v\u00e9nements similaires.<\/p>\t\t\n\t\t\t<a href=\"https:\/\/nb-map.ca\/fr\/new-boots\/new-boots-registration\/\" target=\"_self\" rel=\"noopener\">\n\t\t\t\t\t\tJoin Us &#8211; Register Here\n\t\t\t\t\t<\/a>","protected":false},"excerpt":{"rendered":"<p>Empowering Tradeswomen New Boots: Progressing Women+ in Trades is a provincial network and resource hub dedicated to promoting, supporting, and mentoring women+. We focus on sectors such as construction, manufacturing, transportation, forestry and service. New Boots is your dedicated network and resource hub if you are: Exploring a career in a non-traditional skilled trade A&hellip;<\/p>","protected":false},"author":2,"featured_media":26702,"parent":0,"menu_order":2,"comment_status":"closed","ping_status":"closed","template":"","meta":{"_acf_changed":false,"_seopress_robots_primary_cat":"","_seopress_titles_title":"","_seopress_titles_desc":"","_seopress_robots_index":"","footnotes":""},"class_list":["post-147","page","type-page","status-publish","has-post-thumbnail","hentry"],"acf":[],"_links":{"self":[{"href":"https:\/\/nb-map.ca\/fr\/wp-json\/wp\/v2\/pages\/147","targetHints":{"allow":["GET"]}}],"collection":[{"href":"https:\/\/nb-map.ca\/fr\/wp-json\/wp\/v2\/pages"}],"about":[{"href":"https:\/\/nb-map.ca\/fr\/wp-json\/wp\/v2\/types\/page"}],"author":[{"embeddable":true,"href":"https:\/\/nb-map.ca\/fr\/wp-json\/wp\/v2\/users\/2"}],"replies":[{"embeddable":true,"href":"https:\/\/nb-map.ca\/fr\/wp-json\/wp\/v2\/comments?post=147"}],"version-history":[{"count":21,"href":"https:\/\/nb-map.ca\/fr\/wp-json\/wp\/v2\/pages\/147\/revisions"}],"predecessor-version":[{"id":26919,"href":"https:\/\/nb-map.ca\/fr\/wp-json\/wp\/v2\/pages\/147\/revisions\/26919"}],"wp:featuredmedia":[{"embeddable":true,"href":"https:\/\/nb-map.ca\/fr\/wp-json\/wp\/v2\/media\/26702"}],"wp:attachment":[{"href":"https:\/\/nb-map.ca\/fr\/wp-json\/wp\/v2\/media?parent=147"}],"curies":[{"name":"wp","href":"https:\/\/api.w.org\/{rel}","templated":true}]}}