{"id":159,"date":"2020-03-07T09:38:00","date_gmt":"2020-03-07T13:38:00","guid":{"rendered":"https:\/\/thepridhamgroup.mydev.ca\/mapsws\/?page_id=159"},"modified":"2025-07-21T14:13:36","modified_gmt":"2025-07-21T17:13:36","slug":"step","status":"publish","type":"page","link":"https:\/\/nb-map.ca\/fr\/step\/","title":{"rendered":"PEMS"},"content":{"rendered":"<a href=\"https:\/\/nb-map.ca\/fr\/step\/\"  target=\"_self\" itemprop=\"url\">\n\t\t\t\t<img loading=\"lazy\" decoding=\"async\" src=\"https:\/\/nb-map.ca\/wp-content\/uploads\/2021\/03\/STEP-PEMS-Logo.png\" alt=\"STEP-PEMS-Logo\" itemprop=\"image\" height=\"230\" width=\"230\" title=\"STEP-PEMS-Logo\" onerror=\"this.style.display='none'\"  \/>\n\t\t\t\t<\/a>\n<h2>\n\t\tOBJECTIF :\n\t<\/h2>\n\t<p>Le Programme d\u2019exploration des m\u00e9tiers sp\u00e9cialis\u00e9s (PEMS) vise \u00e0 augmenter la participation de groupes sous-repr\u00e9sent\u00e9s dans les m\u00e9tiers sp\u00e9cialis\u00e9s non traditionnels par l\u2019inscription de nouveaux apprenti(e)s dans le syst\u00e8me d\u2019apprentissage du Nouveau-Brunswick.<\/p>\n<p>Le programme vise non seulement \u00e0 donner aux femmes du Nouveau-Brunswick l\u2019occasion d\u2019explorer les m\u00e9tiers sp\u00e9cialis\u00e9s dans le cadre d\u2019un programme de formation accueillant et pratique, mais \u00e9galement de leur donner des opportunit\u00e9s de travail et d\u2019apprentissage garanties quand elles auront pass\u00e9 leur formation en classe avec succ\u00e8s.<\/p>\n<p>Avec ses partenaires, Apprentissage et certification professionnelle (ACP), le programme Comp\u00e9tences essentielles au travail (CET) et le NBCC\/CCNB, PEMS \u00e9laborent un programme cibl\u00e9 d\u2019exploration de m\u00e9tiers sp\u00e9cialis\u00e9s bas\u00e9 sur les besoins du march\u00e9 du travail du Nouveau-Brunswick.<\/p>\n<h2>\n\t\tAPER\u00c7U DU PROGRAMME :\n\t<\/h2>\n\t<p>Le PEMS est un programme de formation de 16 semaines GRATUIT, qui comprend :<\/p>\n<ul>\n<li>une exploration des m\u00e9tiers sp\u00e9cialis\u00e9s;<\/li>\n<li>un volet sur les math\u00e9matiques;<\/li>\n<li>une formation sur les comp\u00e9tences essentielles en milieu de travail;<\/li>\n<li>une formation sur la s\u00e9curit\u00e9, du d\u00e9veloppement professionnel et des renseignements sur le march\u00e9 du travail;<\/li>\n<li>des pr\u00e9sentations anim\u00e9es par des invit\u00e9s sp\u00e9ciaux, des visites de l\u2019employeur sur le site et d\u2019autres activit\u00e9s.<\/li>\n<\/ul>\n<p>The training hours are accredited towards an apprenticeship. Participants will be offered resume support and, once their training is successfully completed, \u00a0provided with contacts of potential employers in their trade. Employers are encouraged to hire STEP participants to work through their apprenticeship, to Red Seal Endorsement<\/p>\n<h2>\n\t\tSupport &#038; Services\n\t<\/h2>\n\t<ul>\n<li>Le coordonnateur du PEMS organisera des entrevues pr\u00e9liminaires avec les participants et participantes potentielles. Les participants seront choisis en fonction de l\u2019int\u00e9r\u00eat port\u00e9 envers les m\u00e9tiers sp\u00e9cialis\u00e9s et de leur attitude positive.<\/li>\n<li>Le coordonnateur du PEMS aidera les employeurs partenaires \u00e0 assurer la meilleure transition possible de l\u2019apprentissage vers le milieu de travail.<\/li>\n<li>Les participants auront de l\u2019aide pour se procurer des bottes de s\u00e9curit\u00e9, des outils de base et d\u2019autre \u00e9quipement de protection individuelle.<\/li>\n<li>Les conseillers de l\u2019apprentissage travailleront \u00e9troitement avec les employeurs pour veiller \u00e0 ce que les participants soient inscrits et que les compagnons sachent les comp\u00e9tences que doivent poss\u00e9der les participants pour r\u00e9ussir chaque bloc.<\/li>\n<li>Et plus encore!<\/li>\n<\/ul>\n\t\t\t<a href=\"https:\/\/nb-map.ca\/fr\/contact\/\" target=\"_self\">\n\t\t\t\t\t\tContactez-nous\n\t\t\t\t\t<\/a>\n\t\t\t<a href=\"https:\/\/nb-map.ca\/fr\/step\/step-application\/\" target=\"_blank\" rel=\"noopener\">\n\t\t\t\t\t\tInscription des PEMS\n\t\t\t\t\t<\/a>\n<h2>\n\t\tNous sommes tr\u00e8s heureux de lancer notre vid\u00e9o promotionnelle PEMS!\n\t<\/h2>\n\t<p><iframe loading=\"lazy\" title=\"YouTube video player\" src=\"https:\/\/www.youtube.com\/embed\/WdP3fhEFv78\" width=\"800\" height=\"450\" frameborder=\"0\" allowfullscreen=\"allowfullscreen\"><\/iframe><\/p>","protected":false},"excerpt":{"rendered":"<p>Objective STEP aims to increase the participation of underrepresented groups in non-traditional skilled trades by registering new apprentices in the New Brunswick apprenticeship system. The program aims not only to give New Brunswickers the opportunity to explore the skilled trades as part of a welcoming and practical training program, but also direct route apprenticeship opportunities&hellip;<\/p>","protected":false},"author":2,"featured_media":7958,"parent":0,"menu_order":60,"comment_status":"closed","ping_status":"closed","template":"","meta":{"_acf_changed":false,"_seopress_robots_primary_cat":"","_seopress_titles_title":"","_seopress_titles_desc":"","_seopress_robots_index":"","footnotes":""},"class_list":["post-159","page","type-page","status-publish","has-post-thumbnail","hentry"],"acf":[],"_links":{"self":[{"href":"https:\/\/nb-map.ca\/fr\/wp-json\/wp\/v2\/pages\/159","targetHints":{"allow":["GET"]}}],"collection":[{"href":"https:\/\/nb-map.ca\/fr\/wp-json\/wp\/v2\/pages"}],"about":[{"href":"https:\/\/nb-map.ca\/fr\/wp-json\/wp\/v2\/types\/page"}],"author":[{"embeddable":true,"href":"https:\/\/nb-map.ca\/fr\/wp-json\/wp\/v2\/users\/2"}],"replies":[{"embeddable":true,"href":"https:\/\/nb-map.ca\/fr\/wp-json\/wp\/v2\/comments?post=159"}],"version-history":[{"count":33,"href":"https:\/\/nb-map.ca\/fr\/wp-json\/wp\/v2\/pages\/159\/revisions"}],"predecessor-version":[{"id":27253,"href":"https:\/\/nb-map.ca\/fr\/wp-json\/wp\/v2\/pages\/159\/revisions\/27253"}],"wp:featuredmedia":[{"embeddable":true,"href":"https:\/\/nb-map.ca\/fr\/wp-json\/wp\/v2\/media\/7958"}],"wp:attachment":[{"href":"https:\/\/nb-map.ca\/fr\/wp-json\/wp\/v2\/media?parent=159"}],"curies":[{"name":"wp","href":"https:\/\/api.w.org\/{rel}","templated":true}]}}