{"id":2002,"date":"2020-08-21T10:41:54","date_gmt":"2020-08-21T13:41:54","guid":{"rendered":"https:\/\/thepridhamgroup.mydev.ca\/mapsws\/?page_id=2002"},"modified":"2026-03-17T10:15:02","modified_gmt":"2026-03-17T13:15:02","slug":"new-boots-scholarship","status":"publish","type":"page","link":"https:\/\/nb-map.ca\/fr\/new-boots\/new-boots-scholarship\/","title":{"rendered":"Inscription au r\u00e9seau de Nouvelles Bottes"},"content":{"rendered":"<h2>\n\t\t\tBourse d\u2019\u00e9tudes \u2013 Nouvelles Bottes\t<\/h2>\n\t<h3>Quel est le but de cette bourse?<\/h3>\n<p>Soutenir une femme qui poursuit des \u00e9tudes postsecondaires dans un m\u00e9tier non traditionnel dans l'un des campus au Nouveau-Brunswick. Il y a 5 bourses disponibles chaque ann\u00e9e.<\/p>\n<h3>Bourse d'\u00e9tudes d'une valeur de 1 000 $<\/h3>\n<p>Une bourse sera d\u00e9cern\u00e9e chaque ann\u00e9e \u00e0 une \u00e9tudiante poursuivant des \u00e9tudes dans un m\u00e9tier non traditionnel. Le paiement sera sujet aux dates de retrait du coll\u00e8ge.<\/p>\n<h3><strong>Date limite de candidature : 18 septembre 2026.\u00a0<\/strong><\/h3>\n\t\t\t<a href=\"https:\/\/nb-map.ca\/fr\/new-boots\/new-boots-scholarship-application\/\"  target=\"_self\">\n\t\t\t\t\t\t\tPostuler\n\t\t\t\t\t<\/a>\n<figure itemscope itemtype=\"https:\/\/schema.org\/ImageObject\">\n\t\t\t\t<a href=\"https:\/\/nb-map.ca\/fr\/new-boots\/\"  target=\"_self\" itemprop=\"url\">\n\t\t\t\t<img decoding=\"async\" src=\"https:\/\/nb-map.ca\/wp-content\/uploads\/2024\/01\/NEWBOOTS-Logo.png\" alt=\"NEW BOOTS - NOUVELLE BOTTES Logo\" height=\"800\" width=\"800\" title=\"NEWBOOTS-Logo\" onerror=\"this.style.display='none'\" loading=\"lazy\" \/>\n\t\t\t\t<\/a>\n\t<\/figure>\n<h3>\n\t\t\tPROCESSUS DE S\u00c9LECTION :\t<\/h3>\n\t<ul>\n\t\t\t<li>\n\t\t\t\tLes demandes doivent inclure tous les documents suivants afin d'\u00eatre prises en consid\u00e9ration (preuve d'inscription dans une \u00e9tablissement postsecondaire et br\u00e8ve r\u00e9daction d'une page)\n\t\t\t<\/li>\n\t\t\t<li>\n\t\t\t\tChaque candidate sera \u00e9valu\u00e9e en fonction de la qualit\u00e9 de sa r\u00e9daction.\n\t\t\t<\/li>\n\t\t<\/ul>\n<h3>\n\t\t\tADMISSIBILIT\u00c9 :\t<\/h3>\n\t<ul>\n\t\t\t<li>\n\t\t\t\tVous \u00eates r\u00e9sidente du N.-B.\n\t\t\t<\/li>\n\t\t\t<li>\n\t\t\t\tVous \u00eates accept\u00e9e ou \u00eates en attente d'approbation d'inscription pour un programme admissible (S.V.P., voir la liste des programmes d'\u00e9tudes admissibles).\n\t\t\t<\/li>\n\t\t\t<li>\n\t\t\t\tVous avez r\u00e9pondu aux questions suivantes dans votre r\u00e9daction :\n\t\t\t<\/li>\n\t\t<\/ul>\n\t<ul>\n\t\t\t<li>\n\t\t\t\tQu'est-ce qui vous a pouss\u00e9 \u00e0 poursuivre un m\u00e9tier non traditionnel?\n\t\t\t<\/li>\n\t\t\t<li>\n\t\t\t\tComment cette bourse vous aidera-t-elle \u00e0 assurer votre succ\u00e8s dans votre programme?\n\t\t\t<\/li>\n\t\t\t<li>\n\t\t\t\tComment envisagez-vous votre cheminement de carri\u00e8re?\n\t\t\t<\/li>\n\t\t<\/ul>\n<h3>\n\t\t\tPROGRAMMES \u00c9LIGIBLES :\t<\/h3>\n\t<p><strong>M\u00e9tiers Sp\u00e9cialis\u00e9s:Transformation des M\u00e9taux<\/strong><\/p>\n<ul>\n<li>Usinage \u00e0 commande num\u00e9rique (CNC Machiniste)<\/li>\n<li>Usinage de mat\u00e9riaux (Machiniste)<\/li>\n<li>Steel Fabrication<\/li>\n<li>Soudage<\/li>\n<li>Fa\u00e7onnage et montage m\u00e9talliques<\/li>\n<\/ul>\n\t<p><strong>M\u00e9tiers sp\u00e9cialis\u00e9s: M\u00e9canique et entretien<\/strong><\/p>\n<ul>\n<li>Agricultural Equipment Repair<\/li>\n<li>D\u00e9bosselage et peinture de carrosserie<\/li>\n<li>M\u00e9canique de l'automobile<\/li>\n<li>M\u00e9canique d'\u00e9quipement lourd<\/li>\n<li>Op\u00e9ratrice d'\u00e9quipement lourd<\/li>\n<li>Marine Diesel Mechanics<\/li>\n<li>Motorcycle Repair<\/li>\n<li>M\u00e9canique de camions et remorques<\/li>\n<\/ul>\n\t<p><strong>M\u00e9tiers sp\u00e9cialis\u00e9s : B\u00e2timent<\/strong><\/p>\n<ul>\n<li>Briquetage-ma\u00e7onnage<\/li>\n<li>Charpenterie<\/li>\n<li>Electrical: Construction<\/li>\n<li>Electrical: Industrial<\/li>\n<li>Fuels Technician<\/li>\n<li>HVAC: Sheet Metal Fabrication<\/li>\n<li>M\u00e9canique industrielle<\/li>\n<li>Mechanical Technician<\/li>\n<li>Plumbing<\/li>\n<li>Chauffage, climatisation et r\u00e9frig\u00e9ration (HVAC-R)<\/li>\n<li>Steamfitting\/Pipefitting<\/li>\n<\/ul>","protected":false},"excerpt":{"rendered":"<p>New Boots Scholarships What is the purpose of this scholarship? To support a female pursuing a non-traditional skilled trade postsecondary program at a New Brunswick College campus. There are multiple scholarships available each year. Scholarship Value $1,000 A scholarship will be awarded yearly to a female college student pursuing a non-traditional skilled trade. Payment will&hellip;<\/p>","protected":false},"author":2,"featured_media":435,"parent":147,"menu_order":10,"comment_status":"closed","ping_status":"closed","template":"","meta":{"_acf_changed":false,"_seopress_robots_primary_cat":"","_seopress_titles_title":"","_seopress_titles_desc":"","_seopress_robots_index":"","footnotes":""},"class_list":["post-2002","page","type-page","status-publish","has-post-thumbnail","hentry"],"acf":[],"_links":{"self":[{"href":"https:\/\/nb-map.ca\/fr\/wp-json\/wp\/v2\/pages\/2002","targetHints":{"allow":["GET"]}}],"collection":[{"href":"https:\/\/nb-map.ca\/fr\/wp-json\/wp\/v2\/pages"}],"about":[{"href":"https:\/\/nb-map.ca\/fr\/wp-json\/wp\/v2\/types\/page"}],"author":[{"embeddable":true,"href":"https:\/\/nb-map.ca\/fr\/wp-json\/wp\/v2\/users\/2"}],"replies":[{"embeddable":true,"href":"https:\/\/nb-map.ca\/fr\/wp-json\/wp\/v2\/comments?post=2002"}],"version-history":[{"count":39,"href":"https:\/\/nb-map.ca\/fr\/wp-json\/wp\/v2\/pages\/2002\/revisions"}],"predecessor-version":[{"id":27780,"href":"https:\/\/nb-map.ca\/fr\/wp-json\/wp\/v2\/pages\/2002\/revisions\/27780"}],"up":[{"embeddable":true,"href":"https:\/\/nb-map.ca\/fr\/wp-json\/wp\/v2\/pages\/147"}],"wp:featuredmedia":[{"embeddable":true,"href":"https:\/\/nb-map.ca\/fr\/wp-json\/wp\/v2\/media\/435"}],"wp:attachment":[{"href":"https:\/\/nb-map.ca\/fr\/wp-json\/wp\/v2\/media?parent=2002"}],"curies":[{"name":"wp","href":"https:\/\/api.w.org\/{rel}","templated":true}]}}