{"id":2598,"date":"2020-08-23T09:55:39","date_gmt":"2020-08-23T12:55:39","guid":{"rendered":"https:\/\/thepridhamgroup.mydev.ca\/mapsws\/?page_id=2598"},"modified":"2026-04-14T15:30:01","modified_gmt":"2026-04-14T18:30:01","slug":"outstanding-apprentice-award","status":"publish","type":"page","link":"https:\/\/nb-map.ca\/fr\/upcoming-events\/outstanding-apprentice-award\/","title":{"rendered":"Prix De L\u2019apprenti Exceptionnel"},"content":{"rendered":"<p>La personne candidate doit  :<\/p>\n<ul>\n<li>\u00eatre un apprenti enregistr\u00e9 avec la branche d'Apprentissage et certification professionnelle (GNB)<\/li>\n<li>avoir compl\u00e9t\u00e9 le bloc 1 de son m\u00e9tier<\/li>\n<li>be nominated by two (2) references &#8211; at least one (1) nominator must have (or have had) a working relationship with the nominee, and no more than one (1) nominator may be a relative of the nominee<\/li>\n<li>avoir compl\u00e9t\u00e9 le cours Les Responsabilit\u00e9s de l'Apprenti du PMANB est pr\u00e9f\u00e9rable mais pas obligatoire<\/li>\n<\/ul>\n<p>Le ou la nomin\u00e9(e) aura su se distinguer dans son apprentissage par un ou plusieurs des points suivants :<\/p>\n<ul>\n<li>demonstrates the five A&#8217;s of apprenticeship (Attitude, Aptitude, Ask questions, Attendance, Advocacy)<\/li>\n<li>int\u00e9grit\u00e9 \u00e0 l'int\u00e9rieur de l'industrie<\/li>\n<li>leadership dans la main d'oeuvre<\/li>\n<li>excellence dans son m\u00e9tier<\/li>\n<li>pratiques s\u00e9curitaires au travail<\/li>\n<\/ul>\n<p>Date limite de candidature : <strong>31 juillet 2026<\/strong><\/p>\n<figure itemscope itemtype=\"https:\/\/schema.org\/ImageObject\">\n\t\t\t\t<img decoding=\"async\" src=\"https:\/\/nb-map.ca\/wp-content\/uploads\/2023\/06\/outstanding-apprentice-adam-noel.jpg\" alt=\"2022 Outstanding Apprentice - Adam Noel\" height=\"799\" width=\"1200\" title=\"outstanding-apprentice-adam-noel\" onerror=\"this.style.display='none'\" loading=\"lazy\" \/>\n\t<\/figure>\n\t<p>Apprenti Exceptionnel 2022 Adam No\u00ebl, chaudronnier, section locale 73, avec Liz Sandwith de l\u2019\u00e9quipe de MAPSWS.<\/p>\n\t<p>Les nomin\u00e9s pour le prix de l'apprenti exceptionnel se seront d\u00e9marqu\u00e9s par leur d\u00e9vouement \u00e0 leur apprentissage, leur m\u00e9tier et leur \u00e9quipe. Ils auront d\u00e9montr\u00e9 leur engagement \u00e0 leur apprentissage en milieu de travail et le d\u00e9veloppement de leur savoir-faire.<\/p>\n\t\t\t<a href=\"https:\/\/nb-map.ca\/fr\/upcoming-events\/outstanding-apprentice-award-nomination\/\"  target=\"_self\">\n\t\t\t\t\t\t\tNOMINEZ UN APPRENTI EXCEPTIONNEL AUJOURD'HUI !\n\t\t\t\t\t<\/a>","protected":false},"excerpt":{"rendered":"<p>The eligible nominee must: be a registered apprentice with Apprenticeship and Occupational Certification (GNB); have completed Block 1 in their trade be nominated by two (2) references &#8211; at least one (1) nominator must have (or have had) a working relationship with the nominee, and no more than one (1) nominator may be a relative&hellip;<\/p>","protected":false},"author":2,"featured_media":748,"parent":171,"menu_order":10,"comment_status":"closed","ping_status":"closed","template":"","meta":{"_acf_changed":false,"_seopress_robots_primary_cat":"","_seopress_titles_title":"","_seopress_titles_desc":"","_seopress_robots_index":"","footnotes":""},"class_list":["post-2598","page","type-page","status-publish","has-post-thumbnail","hentry"],"acf":[],"_links":{"self":[{"href":"https:\/\/nb-map.ca\/fr\/wp-json\/wp\/v2\/pages\/2598","targetHints":{"allow":["GET"]}}],"collection":[{"href":"https:\/\/nb-map.ca\/fr\/wp-json\/wp\/v2\/pages"}],"about":[{"href":"https:\/\/nb-map.ca\/fr\/wp-json\/wp\/v2\/types\/page"}],"author":[{"embeddable":true,"href":"https:\/\/nb-map.ca\/fr\/wp-json\/wp\/v2\/users\/2"}],"replies":[{"embeddable":true,"href":"https:\/\/nb-map.ca\/fr\/wp-json\/wp\/v2\/comments?post=2598"}],"version-history":[{"count":27,"href":"https:\/\/nb-map.ca\/fr\/wp-json\/wp\/v2\/pages\/2598\/revisions"}],"predecessor-version":[{"id":27877,"href":"https:\/\/nb-map.ca\/fr\/wp-json\/wp\/v2\/pages\/2598\/revisions\/27877"}],"up":[{"embeddable":true,"href":"https:\/\/nb-map.ca\/fr\/wp-json\/wp\/v2\/pages\/171"}],"wp:featuredmedia":[{"embeddable":true,"href":"https:\/\/nb-map.ca\/fr\/wp-json\/wp\/v2\/media\/748"}],"wp:attachment":[{"href":"https:\/\/nb-map.ca\/fr\/wp-json\/wp\/v2\/media?parent=2598"}],"curies":[{"name":"wp","href":"https:\/\/api.w.org\/{rel}","templated":true}]}}