{"id":2650,"date":"2020-08-23T12:31:43","date_gmt":"2020-08-23T15:31:43","guid":{"rendered":"https:\/\/thepridhamgroup.mydev.ca\/mapsws\/?page_id=2650"},"modified":"2026-04-14T15:31:05","modified_gmt":"2026-04-14T18:31:05","slug":"master-mentor-award","status":"publish","type":"page","link":"https:\/\/nb-map.ca\/fr\/upcoming-events\/master-mentor-award\/","title":{"rendered":"Prix ma\u00eetre mentor"},"content":{"rendered":"<p>La personne candidate doit  :<\/p>\n<ul>\n<li>\u00eatre un compagnon certifi\u00e9 qui encadre des apprentis en milieu de travail ;<\/li>\n<li>be nominated by two (2) references &#8211; at least one (1) nominator must have (or have had) a working relationship with the nominee, and no more than one (1) nominator may be a relative of the nominee;<\/li>\n<li>avoir compl\u00e9t\u00e9 le cours La D\u00e9marche M.E.N.T.O.R. et R\u00e9capitulation M.E.N.T.O.R du PMANB est pr\u00e9f\u00e9rable.<\/li>\n<\/ul>\n<p>Le ou la nomin\u00e9(e) aura su se distinguer dans sa carri\u00e8re par un ou plusieurs des points suivants :<\/p>\n<ul>\n<li>met en valeur et participe dans la formation des apprentis afin de pr\u00e9parer la prochaine g\u00e9n\u00e9ration de travailleurs en m\u00e9tiers sp\u00e9cialis\u00e9s<\/li>\n<li>offre son soutien aux apprentis en transmettant ses connaissances de son m\u00e9tier<\/li>\n<li>participe \u00e0 des activit\u00e9s qui encouragent, motivent et qui font la promotion du d\u00e9vouement et de la passion pour les m\u00e9tiers sp\u00e9cialis\u00e9s<\/li>\n<li>d\u00e9montre des qualit\u00e9s de leader exceptionnelles en s\u00e9curit\u00e9, savoir-faire, travail d'\u00e9quipe et collaboration<\/li>\n<li>sert de mod\u00e8le de r\u00e9ussite pour les jeunes gens de m\u00e9tier qualifi\u00e9s<\/li>\n<\/ul>\n<p>Date limite de candidature :\u00a0<b> 31 juillet 2026<\/b><\/p>\n<figure itemscope itemtype=\"https:\/\/schema.org\/ImageObject\">\n\t\t\t\t<img decoding=\"async\" src=\"https:\/\/nb-map.ca\/wp-content\/uploads\/2023\/06\/master-mentor-jerome-dick.jpg\" alt=\"2022 Master Mentor Award - Jerome Dick\" height=\"799\" width=\"1200\" title=\"master-mentor-jerome-dick\" onerror=\"this.style.display='none'\" loading=\"lazy\" \/>\n\t<\/figure>\n\t<p>2022 Master Mentor Award &#8211; presented to Jerome Dick on behalf of Marcel Losier, Boilermaker, Babcock &amp; Wilcox, with Tara Keir of MAPSWS.<\/p>\n\t<p>Les nomin\u00e9s pour le prix du ma\u00eetre mentor auront offert une contribution exceptionnelle au d\u00e9veloppement et \u00e0 la promotion de la formation d'apprentissage pour les m\u00e9tiers sp\u00e9cialis\u00e9s au Nouveau-Brunswic<\/p>\n\t\t\t<a href=\"https:\/\/nb-map.ca\/fr\/upcoming-events\/master-mentor-award-nomination\/\"  target=\"_self\">\n\t\t\t\t\t\t\tNOMINEZ UN MA\u00ceTRE MENTOR AUJOURD'HUI\n\t\t\t\t\t<\/a>","protected":false},"excerpt":{"rendered":"<p>The eligible nominee must: be a certified journeyperson, actively mentoring apprentices on-the-job; be nominated by two (2) references &#8211; at least one (1) nominator must have (or have had) a working relationship with the nominee, and no more than one (1) nominator may be a relative of the nominee; completion of Mentorship Matters Mentor Training&hellip;<\/p>","protected":false},"author":2,"featured_media":748,"parent":171,"menu_order":10,"comment_status":"closed","ping_status":"closed","template":"","meta":{"_acf_changed":false,"_seopress_robots_primary_cat":"","_seopress_titles_title":"","_seopress_titles_desc":"","_seopress_robots_index":"","footnotes":""},"class_list":["post-2650","page","type-page","status-publish","has-post-thumbnail","hentry"],"acf":[],"_links":{"self":[{"href":"https:\/\/nb-map.ca\/fr\/wp-json\/wp\/v2\/pages\/2650","targetHints":{"allow":["GET"]}}],"collection":[{"href":"https:\/\/nb-map.ca\/fr\/wp-json\/wp\/v2\/pages"}],"about":[{"href":"https:\/\/nb-map.ca\/fr\/wp-json\/wp\/v2\/types\/page"}],"author":[{"embeddable":true,"href":"https:\/\/nb-map.ca\/fr\/wp-json\/wp\/v2\/users\/2"}],"replies":[{"embeddable":true,"href":"https:\/\/nb-map.ca\/fr\/wp-json\/wp\/v2\/comments?post=2650"}],"version-history":[{"count":19,"href":"https:\/\/nb-map.ca\/fr\/wp-json\/wp\/v2\/pages\/2650\/revisions"}],"predecessor-version":[{"id":27879,"href":"https:\/\/nb-map.ca\/fr\/wp-json\/wp\/v2\/pages\/2650\/revisions\/27879"}],"up":[{"embeddable":true,"href":"https:\/\/nb-map.ca\/fr\/wp-json\/wp\/v2\/pages\/171"}],"wp:featuredmedia":[{"embeddable":true,"href":"https:\/\/nb-map.ca\/fr\/wp-json\/wp\/v2\/media\/748"}],"wp:attachment":[{"href":"https:\/\/nb-map.ca\/fr\/wp-json\/wp\/v2\/media?parent=2650"}],"curies":[{"name":"wp","href":"https:\/\/api.w.org\/{rel}","templated":true}]}}