{"id":2670,"date":"2020-08-23T14:52:16","date_gmt":"2020-08-23T17:52:16","guid":{"rendered":"https:\/\/thepridhamgroup.mydev.ca\/mapsws\/?page_id=2670"},"modified":"2026-04-14T15:30:28","modified_gmt":"2026-04-14T18:30:28","slug":"trades-advocate-award","status":"publish","type":"page","link":"https:\/\/nb-map.ca\/fr\/upcoming-events\/trades-advocate-award\/","title":{"rendered":"Prix Promoteur des m\u00e9tiers"},"content":{"rendered":"<p>La personne candidate doit  :<\/p>\n<ul>\n<li>\u00catre employ\u00e9 dans un poste directement li\u00e9 \u00e0 un ou plusieurs m\u00e9tiers sp\u00e9cialis\u00e9s. Les exemples incluent, mais sans s'y limiter: les professionnels de la s\u00e9curit\u00e9 et des ressources humaines, les instructeurs et conseillers postsecondaires, les repr\u00e9sentants des employeurs, des syndicats et des associations;<\/li>\n<li>be nominated by two (2) references &#8211; at least one (1) nominator must have (or have had) a working relationship with the nominee, and no more than one (1) nominator may be a relative of the nominee;<\/li>\n<li>avoir compl\u00e9t\u00e9 le cours La D\u00e9marche M.E.N.T.O.R. et R\u00e9capitulation M.E.N.T.O.R du PMANB est pr\u00e9f\u00e9rable.<\/li>\n<\/ul>\n<p>Le ou la nomin\u00e9(e) aura su se distinguer dans sa carri\u00e8re par un ou plusieurs des points suivants :<\/p>\n<ul>\n<li>soutient et promeut le mentorat, la s\u00e9curit\u00e9, l'apprentissage et la certification dans les m\u00e9tiers sp\u00e9cialis\u00e9s<\/li>\n<li>participe \u00e0 des activit\u00e9s qui encouragent, motivent et promeuvent le d\u00e9vouement et la passion au travail<\/li>\n<li>fait preuve de qualit\u00e9s de leadership exceptionnel en mati\u00e8re de s\u00e9curit\u00e9, d'expertise, de renforcement d'\u00e9quipe et de collaboration<\/li>\n<li>propose un accompagnement au parcours des personnes et des apprentis en partageant ses connaissances<\/li>\n<li>sert de mod\u00e8le de r\u00e9ussite pour les jeunes gens de m\u00e9tier qualifi\u00e9s<\/li>\n<\/ul>\n<p>Date limite de candidature :<strong> 31 juillet 2026<\/strong><\/p>\n<figure itemscope itemtype=\"https:\/\/schema.org\/ImageObject\">\n\t\t\t\t<img decoding=\"async\" src=\"https:\/\/nb-map.ca\/wp-content\/uploads\/2023\/06\/trades-advocate-ron-hutton-1024x683.jpg\" alt=\"2022 Trades Advocate - Ron Hutton\" height=\"683\" width=\"1024\" title=\"trades-advocate-ron-hutton\" onerror=\"this.style.display='none'\" loading=\"lazy\" \/>\n\t<\/figure>\n\t<p>Prix Promoteur des m\u00e9tiers 2022 Ron Hutton, directeur g\u00e9n\u00e9ral, NBRCA, avec Katelyn MacDonald de l\u2019\u00e9quipe de MAPSWS.<\/p>\n\t<p>Les nomin\u00e9s pour le prix de promoteur des m\u00e9tiers soutiennent et font la promotiion du mentorat, de la s\u00e9curit\u00e9, de l'apprentissage et la certification dans les m\u00e9tiers sp\u00e9cialis\u00e9s.<\/p>\n\t\t\t<a href=\"https:\/\/nb-map.ca\/fr\/upcoming-events\/trades-advocate-award-nomination\/\"  target=\"_self\">\n\t\t\t\t\t\t\tNOMINEZ UN PROMOTEUR DES M\u00c9TIERS AUJOURD'HUI\n\t\t\t\t\t<\/a>","protected":false},"excerpt":{"rendered":"<p>The eligible nominee must: Be employed in a position directly related to one or more of the skilled trades. Examples include but are not limited to: safety and human resource professionals, post-secondary instructors and advisors, employer, union, and association representatives; be nominated by two (2) references &#8211; at least one (1) nominator must have (or&hellip;<\/p>","protected":false},"author":2,"featured_media":748,"parent":171,"menu_order":10,"comment_status":"closed","ping_status":"closed","template":"","meta":{"_acf_changed":false,"_seopress_robots_primary_cat":"","_seopress_titles_title":"","_seopress_titles_desc":"","_seopress_robots_index":"","footnotes":""},"class_list":["post-2670","page","type-page","status-publish","has-post-thumbnail","hentry"],"acf":[],"_links":{"self":[{"href":"https:\/\/nb-map.ca\/fr\/wp-json\/wp\/v2\/pages\/2670","targetHints":{"allow":["GET"]}}],"collection":[{"href":"https:\/\/nb-map.ca\/fr\/wp-json\/wp\/v2\/pages"}],"about":[{"href":"https:\/\/nb-map.ca\/fr\/wp-json\/wp\/v2\/types\/page"}],"author":[{"embeddable":true,"href":"https:\/\/nb-map.ca\/fr\/wp-json\/wp\/v2\/users\/2"}],"replies":[{"embeddable":true,"href":"https:\/\/nb-map.ca\/fr\/wp-json\/wp\/v2\/comments?post=2670"}],"version-history":[{"count":23,"href":"https:\/\/nb-map.ca\/fr\/wp-json\/wp\/v2\/pages\/2670\/revisions"}],"predecessor-version":[{"id":27878,"href":"https:\/\/nb-map.ca\/fr\/wp-json\/wp\/v2\/pages\/2670\/revisions\/27878"}],"up":[{"embeddable":true,"href":"https:\/\/nb-map.ca\/fr\/wp-json\/wp\/v2\/pages\/171"}],"wp:featuredmedia":[{"embeddable":true,"href":"https:\/\/nb-map.ca\/fr\/wp-json\/wp\/v2\/media\/748"}],"wp:attachment":[{"href":"https:\/\/nb-map.ca\/fr\/wp-json\/wp\/v2\/media?parent=2670"}],"curies":[{"name":"wp","href":"https:\/\/api.w.org\/{rel}","templated":true}]}}