{"id":26714,"date":"2024-05-07T10:54:25","date_gmt":"2024-05-07T13:54:25","guid":{"rendered":"https:\/\/thepridhamgroup.mydev.ca\/mapsws\/?page_id=26714"},"modified":"2025-06-16T16:25:59","modified_gmt":"2025-06-16T19:25:59","slug":"ask-a-mentor","status":"publish","type":"page","link":"https:\/\/nb-map.ca\/fr\/new-boots\/ask-a-mentor\/","title":{"rendered":"Demande \u00e0 une Mentore"},"content":{"rendered":"<h2>\n\t\tQU'EST-CE QUE # Demande\u00e0unementore?\n\t<\/h2>\n\t<p>#Demande\u00e0unementore est une initiative qui met en lumi\u00e8re 14 femmes de m\u00e9tier \u00e0 travers la province, issues de divers m\u00e9tiers. Voulant encourager la croissance de leur communaut\u00e9, ces femmes se sont engag\u00e9es \u00e0 :<\/p>\n\t<ul>\n\t\t\t<li>\n\t\t\t\t\u00e9tablir des liens avec les \u00e9l\u00e8ves et les \u00e9tudiant(e)s, les apprenties et les parents\n\t\t\t<\/li>\n\t\t\t<li>\n\t\t\t\tcollaborer avec  le personnel \u00e9ducatif\n\t\t\t<\/li>\n\t\t\t<li>\n\t\t\t\tsoutenir d'autres femmes de m\u00e9tier\n\t\t\t<\/li>\n\t\t<\/ul>\n\t<p>Their mission is clear: to provide tailored support and resources, ensuring every individual&#8217;s unique needs are met.<\/p>\n\t\t\t\t<img decoding=\"async\" src=\"https:\/\/nb-map.ca\/wp-content\/uploads\/2021\/03\/NEWBOOTS-Logo.png\" alt=\"New-Boots-Logo\" itemprop=\"image\" title=\"New-Boots-Logo\" onerror=\"this.style.display='none'\"  \/>\n\t<p>Vous souhaitez entrer en contact avec l'une de nos femmes de m\u00e9tier? Rejoignez notre campagne #Demande\u00e0unementore. Cliquez ci-dessous pour acc\u00e9der \u00e0 la feuille d'inscription et lancer votre route de mentorat.<\/p>\n\t\t\t<a href=\"https:\/\/nb-map.ca\/fr\/new-boots\/ask-a-mentor-request\/\" target=\"_self\">\n\t\t\t\t\t\t\tConnect Now &#8211; Register Here\n\t\t\t\t\t<\/a>\n\t<p>Become a part of our community, and let&#8217;s elevate the skilled trades landscape together!<\/p>\n<h2>\n\t\t#Askamentor\n\t<\/h2>\n\t\t\t\t<img loading=\"lazy\" decoding=\"async\" src=\"https:\/\/nb-map.ca\/wp-content\/uploads\/2024\/05\/Laura.jpg\" alt=\"Laura\" itemprop=\"image\" height=\"1000\" width=\"800\" title=\"Laura\" onerror=\"this.style.display='none'\"  \/>\n<h2>\n\t\tLaura, RSE she\/her\/elle\n\t<\/h2>\n<h2>\n\t\tChef Cuisini\u00e8re Sceau Rouge\n\t<\/h2>\n\t\t\t\t<img loading=\"lazy\" decoding=\"async\" src=\"https:\/\/nb-map.ca\/wp-content\/uploads\/2024\/05\/Natalie.jpg\" alt=\"Natalie\" itemprop=\"image\" height=\"1000\" width=\"800\" title=\"Natalie\" onerror=\"this.style.display='none'\"  \/>\n<h2>\n\t\tNatalie, RSE she\/her\/elle\n\t<\/h2>\n<h2>\n\t\tBilingue | Chef Cuisini\u00e8re Sceau Rouge\n\t<\/h2>\n\t\t\t\t<img loading=\"lazy\" decoding=\"async\" src=\"https:\/\/nb-map.ca\/wp-content\/uploads\/2024\/05\/Candice.jpg\" alt=\"Candice\" itemprop=\"image\" height=\"1000\" width=\"800\" title=\"Candice\" onerror=\"this.style.display='none'\"  \/>\n<h2>\n\t\tCandace, RSE she\/her\/elle\n\t<\/h2>\n<h2>\n\t\tBilingual | Red Seal Boilermaker &#038; Welder\n\t<\/h2>\n\t\t\t\t<img loading=\"lazy\" decoding=\"async\" src=\"https:\/\/nb-map.ca\/wp-content\/uploads\/2024\/05\/Angelica.jpg\" alt=\"Angelica\" itemprop=\"image\" height=\"1000\" width=\"800\" title=\"Angelica\" onerror=\"this.style.display='none'\"  \/>\n<h2>\n\t\tAngelica, RSE she\/her\/elle\n\t<\/h2>\n<h2>\n\t\tCharpentier &amp; Propri\u00e9taire D'entreprise\n\t<\/h2>\n\t\t\t\t<img loading=\"lazy\" decoding=\"async\" src=\"https:\/\/nb-map.ca\/wp-content\/uploads\/2025\/03\/Ashley-1-scaled.jpg\" alt=\"Ashley\" itemprop=\"image\" height=\"2560\" width=\"2059\" title=\"Ashley\" onerror=\"this.style.display='none'\"  \/>\n<h2>\n\t\tAshley, RSE, BAdEd she\/her\/elle\n\t<\/h2>\n<h2>\n\t\tCharpenti\u00e8re &amp; Briqueteuse-Ma\u00e7onne &amp; Man\u0153uvre En Construction Sceau Rouge\n\t<\/h2>\n\t\t\t\t<img loading=\"lazy\" decoding=\"async\" src=\"https:\/\/nb-map.ca\/wp-content\/uploads\/2024\/05\/Melissa-L.jpg\" alt=\"Melissa-L\" itemprop=\"image\" height=\"1000\" width=\"800\" title=\"Melissa-L\" onerror=\"this.style.display='none'\"  \/>\n<h2>\n\t\tMelissa L., RSE she\/her\/elle\n\t<\/h2>\n<h2>\n\t\tRed Seal Industrial electrician &#038; Instrumentation Technician\n\t<\/h2>\n\t\t\t\t<img loading=\"lazy\" decoding=\"async\" src=\"https:\/\/nb-map.ca\/wp-content\/uploads\/2024\/05\/Meagan.jpg\" alt=\"Meagan\" itemprop=\"image\" height=\"1000\" width=\"800\" title=\"Meagan\" onerror=\"this.style.display='none'\"  \/>\n<h2>\n\t\tMeagan, RSE she\/her\/elle\n\t<\/h2>\n<h2>\n\t\tTuyauteuse-Monteuse De Tuyaux \u00c0 Vapeur Sceau Rouge\n\t<\/h2>\n\t\t\t\t<img loading=\"lazy\" decoding=\"async\" src=\"https:\/\/nb-map.ca\/wp-content\/uploads\/2024\/05\/Shannon.jpg\" alt=\"Shannon\" itemprop=\"image\" height=\"1000\" width=\"800\" title=\"Shannon\" onerror=\"this.style.display='none'\"  \/>\n<h2>\n\t\tShannon she\/her\/elle\n\t<\/h2>\n<h2>\n\t\tApprentie M\u00e9canicienne Industrielle\n\t<\/h2>\n\t\t\t\t<img loading=\"lazy\" decoding=\"async\" src=\"https:\/\/nb-map.ca\/wp-content\/uploads\/2024\/05\/Melissa-G.jpg\" alt=\"Melissa-G\" itemprop=\"image\" height=\"1000\" width=\"800\" title=\"Melissa-G\" onerror=\"this.style.display='none'\"  \/>\n<h2>\n\t\tMelissa G., RSE she\/her\/elle\n\t<\/h2>\n<h2>\n\t\tMachiniste Sceau Rouge\n\t<\/h2>\n\t\t\t\t<img loading=\"lazy\" decoding=\"async\" src=\"https:\/\/nb-map.ca\/wp-content\/uploads\/2024\/05\/Kassandra.jpg\" alt=\"Kassandra\" itemprop=\"image\" height=\"1000\" width=\"800\" title=\"Kassandra\" onerror=\"this.style.display='none'\"  \/>\n<h2>\n\t\tKassandra she\/her\/elle\n\t<\/h2>\n<h2>\n\t\tScaffolder &#038; National Construction Safety Officer\n\t<\/h2>\n\t\t\t\t<img loading=\"lazy\" decoding=\"async\" src=\"https:\/\/nb-map.ca\/wp-content\/uploads\/2024\/05\/Liz.jpg\" alt=\"Liz\" itemprop=\"image\" height=\"1000\" width=\"800\" title=\"Liz\" onerror=\"this.style.display='none'\"  \/>\n<h2>\n\t\tLiz, RSE she\/her\/elle\n\t<\/h2>\n<h2>\n\t\tRed Seal Refrigeration &#038; Air Conditioning Mechanic\n\t<\/h2>\n\t\t\t\t<img loading=\"lazy\" decoding=\"async\" src=\"https:\/\/nb-map.ca\/wp-content\/uploads\/2024\/05\/Shelby.jpg\" alt=\"Shelby\" itemprop=\"image\" height=\"1000\" width=\"800\" title=\"Shelby\" onerror=\"this.style.display='none'\"  \/>\n<h2>\n\t\tShelby, RSE she\/her\/elle\n\t<\/h2>\n<h2>\n\t\tRed Seal Automotive Service Technician &#038; Truck Transport Technician\n\t<\/h2>\n\t\t\t\t<img loading=\"lazy\" decoding=\"async\" src=\"https:\/\/nb-map.ca\/wp-content\/uploads\/2025\/06\/Elyse-Chiu.jpg\" alt=\"Elyse Chiu\" itemprop=\"image\" height=\"999\" width=\"800\" title=\"Elyse Chiu\" onerror=\"this.style.display='none'\"  \/>\n<h2>\n\t\t Elyse  she\/her\/elle\n\t<\/h2>\n<h2>\n\t\tJOINTOYEUSE ET PL\u00c2TRIERE\n\t<\/h2>\n\t\t\t\t<img loading=\"lazy\" decoding=\"async\" src=\"https:\/\/nb-map.ca\/wp-content\/uploads\/2025\/06\/Mona-Allain.jpg\" alt=\"Mona, RSE\" itemprop=\"image\" height=\"999\" width=\"800\" title=\"Mona, RSE\" onerror=\"this.style.display='none'\"  \/>\n<h2>\n\t\t Mona, RSE  she\/her\/elle\n\t<\/h2>\n<h2>\n\t\tBilingue | CALORIFUGEUR SCEAU ROUGE\n\t<\/h2>","protected":false},"excerpt":{"rendered":"<p>What is #Askamentor? #AskAMentor is a groundbreaking initiative that shines a spotlight on fourteen remarkable tradeswomen hailing from diverse sectors across the province. Committed to fostering community and growth, these women dedicate their expertise to: Engaging with students, apprentices, and parents Collaborating with educational staff Supporting fellow tradeswomen Their mission is clear: to provide tailored&hellip;<\/p>","protected":false},"author":2,"featured_media":435,"parent":147,"menu_order":10,"comment_status":"closed","ping_status":"closed","template":"","meta":{"_acf_changed":false,"_seopress_robots_primary_cat":"","_seopress_titles_title":"","_seopress_titles_desc":"","_seopress_robots_index":"","footnotes":""},"class_list":["post-26714","page","type-page","status-publish","has-post-thumbnail","hentry"],"acf":[],"_links":{"self":[{"href":"https:\/\/nb-map.ca\/fr\/wp-json\/wp\/v2\/pages\/26714","targetHints":{"allow":["GET"]}}],"collection":[{"href":"https:\/\/nb-map.ca\/fr\/wp-json\/wp\/v2\/pages"}],"about":[{"href":"https:\/\/nb-map.ca\/fr\/wp-json\/wp\/v2\/types\/page"}],"author":[{"embeddable":true,"href":"https:\/\/nb-map.ca\/fr\/wp-json\/wp\/v2\/users\/2"}],"replies":[{"embeddable":true,"href":"https:\/\/nb-map.ca\/fr\/wp-json\/wp\/v2\/comments?post=26714"}],"version-history":[{"count":16,"href":"https:\/\/nb-map.ca\/fr\/wp-json\/wp\/v2\/pages\/26714\/revisions"}],"predecessor-version":[{"id":27240,"href":"https:\/\/nb-map.ca\/fr\/wp-json\/wp\/v2\/pages\/26714\/revisions\/27240"}],"up":[{"embeddable":true,"href":"https:\/\/nb-map.ca\/fr\/wp-json\/wp\/v2\/pages\/147"}],"wp:featuredmedia":[{"embeddable":true,"href":"https:\/\/nb-map.ca\/fr\/wp-json\/wp\/v2\/media\/435"}],"wp:attachment":[{"href":"https:\/\/nb-map.ca\/fr\/wp-json\/wp\/v2\/media?parent=26714"}],"curies":[{"name":"wp","href":"https:\/\/api.w.org\/{rel}","templated":true}]}}