{"id":26829,"date":"2024-06-11T14:26:50","date_gmt":"2024-06-11T17:26:50","guid":{"rendered":"https:\/\/thepridhamgroup.mydev.ca\/mapsws\/?page_id=26829"},"modified":"2026-02-27T08:10:20","modified_gmt":"2026-02-27T12:10:20","slug":"gala","status":"publish","type":"page","link":"https:\/\/nb-map.ca\/fr\/gala\/","title":{"rendered":"Gala"},"content":{"rendered":"<h2>\n\t\t\tCet \u00e9v\u00e9nement annuel apporte une attention particuli\u00e8re aux travailleurs des m\u00e9tiers sp\u00e9cialis\u00e9s qui d\u00e9dient chaque jour de travail non seulement \u00e0 produire en s\u00e9curit\u00e9 du travail de haute qualit\u00e9, mais aussi au mentorat en guidant et en enseignant leur m\u00e9tier \u00e0 la prochaine g\u00e9n\u00e9ration de main d'oeuvre en construction, leurs apprentis.\t<\/h2>\n<h2>\n\t\t\tGALA 2026\t<\/h2>\n<h2>\n\t\t\t12e \u00e9dition annuelle des Prix d\u2019excellence en mentorat\t<\/h2>\n\t<p class=\"translation-block\"><strong>Quand :<\/strong> jeudi 5 novembre 2026<\/p>\n<p class=\"translation-block\"><strong>O\u00f9 :<\/strong> Saint John Trades and Convention Centre<\/p>\n<p>&nbsp;<\/p>\n<p class=\"translation-block\">Pour vous inscrire, veuillez nous contacter \u00e0  <a href=\"mailto:info@mapsws.ca\" target=\"_self\">info@mapsws.ca<\/a> et\/ou (<a href=\"tel:+15066588282\" target=\"_self\">506)658-8282<\/a>.<\/p>","protected":false},"excerpt":{"rendered":"<p>This annual event brings special attention to the skilled tradespeople who dedicate each workday not only to producing high quality work safely, but also to mentoring, guiding and teaching the next generation of the construction workforce, their apprentices. 2026 GALA 12th Annual Distinction in Mentorship Awards When: Thursday, November 5th 2026 Where: Saint John Trades&hellip;<\/p>","protected":false},"author":2,"featured_media":748,"parent":0,"menu_order":10,"comment_status":"closed","ping_status":"closed","template":"","meta":{"_acf_changed":false,"_seopress_robots_primary_cat":"","_seopress_titles_title":"","_seopress_titles_desc":"","_seopress_robots_index":"","footnotes":""},"class_list":["post-26829","page","type-page","status-publish","has-post-thumbnail","hentry"],"acf":[],"_links":{"self":[{"href":"https:\/\/nb-map.ca\/fr\/wp-json\/wp\/v2\/pages\/26829","targetHints":{"allow":["GET"]}}],"collection":[{"href":"https:\/\/nb-map.ca\/fr\/wp-json\/wp\/v2\/pages"}],"about":[{"href":"https:\/\/nb-map.ca\/fr\/wp-json\/wp\/v2\/types\/page"}],"author":[{"embeddable":true,"href":"https:\/\/nb-map.ca\/fr\/wp-json\/wp\/v2\/users\/2"}],"replies":[{"embeddable":true,"href":"https:\/\/nb-map.ca\/fr\/wp-json\/wp\/v2\/comments?post=26829"}],"version-history":[{"count":11,"href":"https:\/\/nb-map.ca\/fr\/wp-json\/wp\/v2\/pages\/26829\/revisions"}],"predecessor-version":[{"id":27747,"href":"https:\/\/nb-map.ca\/fr\/wp-json\/wp\/v2\/pages\/26829\/revisions\/27747"}],"wp:featuredmedia":[{"embeddable":true,"href":"https:\/\/nb-map.ca\/fr\/wp-json\/wp\/v2\/media\/748"}],"wp:attachment":[{"href":"https:\/\/nb-map.ca\/fr\/wp-json\/wp\/v2\/media?parent=26829"}],"curies":[{"name":"wp","href":"https:\/\/api.w.org\/{rel}","templated":true}]}}