{"id":26913,"date":"2024-06-21T08:14:15","date_gmt":"2024-06-21T11:14:15","guid":{"rendered":"https:\/\/nb-map.ca\/?page_id=26779"},"modified":"2026-04-14T15:28:55","modified_gmt":"2026-04-14T18:28:55","slug":"lifetime-achievement-award","status":"publish","type":"page","link":"https:\/\/nb-map.ca\/fr\/lifetime-achievement-award\/","title":{"rendered":"Le Prix d\u2019excellence pour l\u2019ensemble des r\u00e9alisations"},"content":{"rendered":"<p>La personne candidate doit  :<\/p>\n<ul>\n<li>\u00eatre employ\u00e9 ou avoir occup\u00e9 des postes directement li\u00e9s \u00e0 un ou plusieurs des m\u00e9tiers sp\u00e9cialis\u00e9s. Par exemple, comprend : compagnon, compagnon occupant un r\u00f4le de leadership, agent de s\u00e9curit\u00e9, instructeurs, dirigeants postsecondaires, propri\u00e9taires, dirigeants syndicaux, repr\u00e9sentants d\u2019associations, etc.<\/li>\n<li>be nominated by two (2) references &#8211; at least one (1) nominator must have (or have had) a working relationship with the nominee, and no more than one (1) nominator may be a relative of the nominee;<\/li>\n<\/ul>\n<p>Le ou la nomin\u00e9(e) aura su se distinguer dans sa carri\u00e8re par un ou plusieurs des points suivants :<\/p>\n<ul>\n<li>met en valeur et participe dans la formation des apprentis afin de pr\u00e9parer la prochaine g\u00e9n\u00e9ration de travailleurs en m\u00e9tiers sp\u00e9cialis\u00e9s<\/li>\n<li>offre son soutien aux apprentis en transmettant ses connaissances de son m\u00e9tier<\/li>\n<li>participe \u00e0 des activit\u00e9s qui encouragent, motivent et qui font la promotion du d\u00e9vouement et de la passion pour les m\u00e9tiers sp\u00e9cialis\u00e9s<\/li>\n<li>d\u00e9montre des qualit\u00e9s de leader exceptionnelles en s\u00e9curit\u00e9, savoir-faire, travail d'\u00e9quipe et collaboration<\/li>\n<li>sert de mod\u00e8le de r\u00e9ussite pour les jeunes gens de m\u00e9tier qualifi\u00e9s<\/li>\n<\/ul>\n<p>Date limite de candidature :\u00a0<b> 31 juillet 2026<\/b><\/p>\n\t<p>Le Prix d\u2019excellence pour l\u2019ensemble des r\u00e9alisations reconna\u00eet une personne qui a apport\u00e9 une contribution importante et soutenue tout au long de sa carri\u00e8re dans les m\u00e9tiers sp\u00e9cialis\u00e9s, en faisant la promotion et en soutenant le programme d\u2019apprentissage et la certification professionnelle, ainsi qu\u2019en favorisant l\u2019\u00e9quit\u00e9, la diversit\u00e9 et l\u2019inclusion dans nos industries.<\/p>\n\t\t\t<a href=\"https:\/\/nb-map.ca\/fr\/lifetime-achievement-award-nomination\/\"  target=\"_self\">\n\t\t\t\t\t\t\tProposez d\u00e8s aujourd'hui la candidature d'une personne !\n\t\t\t\t\t<\/a>","protected":false},"excerpt":{"rendered":"<p>The eligible nominee must: be employed or have worked in positions directly relating to one or more of the skilled trades industries. For example, includes but not limited to: journeyperson, journeyperson in leadership role, safety officer, instructors, post-secondary leaders, owners, union leaders, association representatives, etc. be nominated by two (2) references &#8211; at least one&hellip;<\/p>","protected":false},"author":2,"featured_media":748,"parent":0,"menu_order":10,"comment_status":"closed","ping_status":"closed","template":"","meta":{"_acf_changed":false,"_seopress_robots_primary_cat":"","_seopress_titles_title":"","_seopress_titles_desc":"","_seopress_robots_index":"","footnotes":""},"class_list":["post-26913","page","type-page","status-publish","has-post-thumbnail","hentry"],"acf":[],"_links":{"self":[{"href":"https:\/\/nb-map.ca\/fr\/wp-json\/wp\/v2\/pages\/26913","targetHints":{"allow":["GET"]}}],"collection":[{"href":"https:\/\/nb-map.ca\/fr\/wp-json\/wp\/v2\/pages"}],"about":[{"href":"https:\/\/nb-map.ca\/fr\/wp-json\/wp\/v2\/types\/page"}],"author":[{"embeddable":true,"href":"https:\/\/nb-map.ca\/fr\/wp-json\/wp\/v2\/users\/2"}],"replies":[{"embeddable":true,"href":"https:\/\/nb-map.ca\/fr\/wp-json\/wp\/v2\/comments?post=26913"}],"version-history":[{"count":7,"href":"https:\/\/nb-map.ca\/fr\/wp-json\/wp\/v2\/pages\/26913\/revisions"}],"predecessor-version":[{"id":27876,"href":"https:\/\/nb-map.ca\/fr\/wp-json\/wp\/v2\/pages\/26913\/revisions\/27876"}],"wp:featuredmedia":[{"embeddable":true,"href":"https:\/\/nb-map.ca\/fr\/wp-json\/wp\/v2\/media\/748"}],"wp:attachment":[{"href":"https:\/\/nb-map.ca\/fr\/wp-json\/wp\/v2\/media?parent=26913"}],"curies":[{"name":"wp","href":"https:\/\/api.w.org\/{rel}","templated":true}]}}