{"id":27853,"date":"2026-04-13T10:27:02","date_gmt":"2026-04-13T13:27:02","guid":{"rendered":"https:\/\/nb-map.ca\/?page_id=27853"},"modified":"2026-04-14T14:49:11","modified_gmt":"2026-04-14T17:49:11","slug":"education-skilled-trades-advocate","status":"publish","type":"page","link":"https:\/\/nb-map.ca\/fr\/education-skilled-trades-advocate\/","title":{"rendered":"Prix du Promoteur\/Promotrice des m\u00e9tiers sp\u00e9cialis\u00e9s en \u00e9ducation"},"content":{"rendered":"<p>Nomm\u00e9 par vous, le <strong>Prix du Promoteur\/Promotrice des m\u00e9tiers sp\u00e9cialis\u00e9s en \u00e9ducation<\/strong> reconna\u00eet une personne au sein du syst\u00e8me \u00e9ducatif qui soutient et fait la promotion des parcours de carri\u00e8re dans les m\u00e9tiers sp\u00e9cialis\u00e9s aupr\u00e8s des \u00e9l\u00e8ves.<\/p>\n<p>La personne candidate doit  :<\/p>\n<ul>\n<li>\u00eatre employ\u00e9e au sein du d\u00e9partement, d\u2019un district scolaire ou d\u2019une \u00e9cole secondaire (par exemple : enseignant(e), enseignant(e) d\u2019atelier, coordonnateur ou coordonnatrice au district, direction d\u2019\u00e9cole, conseiller ou conseill\u00e8re en orientation, ou tout autre poste similaire);<\/li>\n<li>compter au moins cinq (5) ann\u00e9es d\u2019exp\u00e9rience dans le syst\u00e8me scolaire;<\/li>\n<li>be nominated by two (2) references &#8211; at least one (1) nominator must have (or have had) a working relationship with the nominee, and no more than one (1) nominator may be a relative of the nominee;<\/li>\n<\/ul>\n<p>La personne candidate se sera distingu\u00e9e au cours de sa carri\u00e8re par un ou plusieurs des \u00e9l\u00e9ments suivants :<\/p>\n<ul>\n<li>d\u00e9montre des pratiques p\u00e9dagogiques exceptionnelles qui int\u00e8grent efficacement les connaissances et les comp\u00e9tences pratiques li\u00e9es aux m\u00e9tiers sp\u00e9cialis\u00e9s<\/li>\n<li>soutient activement ou participe \u00e0 des programmes de pr\u00e9apprentissage ou \u00e0 des occasions d\u2019apprentissage exp\u00e9rientiel pour les \u00e9l\u00e8ves;<\/li>\n<li>fait la promotion des m\u00e9tiers sp\u00e9cialis\u00e9s au sein du syst\u00e8me scolaire (soutien au curriculum, d\u00e9veloppement de programmes, activit\u00e9s de sensibilisation);<\/li>\n<li>\u00e9tablit des liens solides avec des partenaires de l\u2019industrie et fait la promotion d\u2019occasions telles que les stages coop\u00e9ratifs, les parcours d\u2019apprentissage, la participation au NBTAP et\/ou aux comp\u00e9titions de Comp\u00e9tences Canada Nouveau-Brunswick;<\/li>\n<li>inspire et pr\u00e9pare les \u00e9l\u00e8ves \u00e0 poursuivre une carri\u00e8re dans les m\u00e9tiers sp\u00e9cialis\u00e9s en faisant mieux conna\u00eetre les parcours d\u2019apprentissage et les possibilit\u00e9s offertes par l\u2019industrie;<\/li>\n<li>valorise l\u2019importance des m\u00e9tiers sp\u00e9cialis\u00e9s au sein de la communaut\u00e9 scolaire et encourage la participation d\u2019une diversit\u00e9 d\u2019\u00e9l\u00e8ves aux programmes li\u00e9s aux m\u00e9tiers.<\/li>\n<\/ul>\n<p>Date limite de candidature :\u00a0<b> 31 juillet 2026<\/b><\/p>\n\t<p>Le Prix du Promoteur\/Promotrice des m\u00e9tiers sp\u00e9cialis\u00e9s en \u00e9ducation reconna\u00eet une personne au sein du syst\u00e8me \u00e9ducatif qui soutient et fait la promotion des parcours de carri\u00e8re dans les m\u00e9tiers sp\u00e9cialis\u00e9s aupr\u00e8s des \u00e9l\u00e8ves.<\/p>\n\t\t\t<a href=\"https:\/\/nb-map.ca\/fr\/upcoming-events\/education-skilled-trades-advocate-award-nomination\/\"  target=\"_self\">\n\t\t\t\t\t\t\tProposez d\u00e8s aujourd'hui la candidature d'une personne !\n\t\t\t\t\t<\/a>","protected":false},"excerpt":{"rendered":"<p>Nominated by you, the Education Skilled Trades Advocate recognizes an individual within the education high school system who actively supports and promotes skilled trades career pathways for students. The eligible nominee must: be a department, district or high school employee (such as teacher, a shop teacher, a district subject coordinator, a principal, a guidance counselor&hellip;<\/p>","protected":false},"author":2,"featured_media":748,"parent":0,"menu_order":10,"comment_status":"closed","ping_status":"closed","template":"","meta":{"_acf_changed":false,"_seopress_robots_primary_cat":"","_seopress_titles_title":"Education Skilled Trades Advocate - MAP Strategic Workforce","_seopress_titles_desc":"","_seopress_robots_index":"","footnotes":""},"class_list":["post-27853","page","type-page","status-publish","has-post-thumbnail","hentry"],"acf":[],"_links":{"self":[{"href":"https:\/\/nb-map.ca\/fr\/wp-json\/wp\/v2\/pages\/27853","targetHints":{"allow":["GET"]}}],"collection":[{"href":"https:\/\/nb-map.ca\/fr\/wp-json\/wp\/v2\/pages"}],"about":[{"href":"https:\/\/nb-map.ca\/fr\/wp-json\/wp\/v2\/types\/page"}],"author":[{"embeddable":true,"href":"https:\/\/nb-map.ca\/fr\/wp-json\/wp\/v2\/users\/2"}],"replies":[{"embeddable":true,"href":"https:\/\/nb-map.ca\/fr\/wp-json\/wp\/v2\/comments?post=27853"}],"version-history":[{"count":5,"href":"https:\/\/nb-map.ca\/fr\/wp-json\/wp\/v2\/pages\/27853\/revisions"}],"predecessor-version":[{"id":27869,"href":"https:\/\/nb-map.ca\/fr\/wp-json\/wp\/v2\/pages\/27853\/revisions\/27869"}],"wp:featuredmedia":[{"embeddable":true,"href":"https:\/\/nb-map.ca\/fr\/wp-json\/wp\/v2\/media\/748"}],"wp:attachment":[{"href":"https:\/\/nb-map.ca\/fr\/wp-json\/wp\/v2\/media?parent=27853"}],"curies":[{"name":"wp","href":"https:\/\/api.w.org\/{rel}","templated":true}]}}