{"id":27861,"date":"2026-04-14T14:30:32","date_gmt":"2026-04-14T17:30:32","guid":{"rendered":"https:\/\/nb-map.ca\/?page_id=27861"},"modified":"2026-04-14T15:05:32","modified_gmt":"2026-04-14T18:05:32","slug":"education-skilled-trades-advocate-award-nomination","status":"publish","type":"page","link":"https:\/\/nb-map.ca\/fr\/upcoming-events\/education-skilled-trades-advocate-award-nomination\/","title":{"rendered":"Prix du promoteur(trice) des m\u00e9tiers sp\u00e9cialis\u00e9s en \u00e9ducation"},"content":{"rendered":"\n<h2>\n\t\t\tNominee Information\t<\/h2>\n\t<p>Please tell us about the person you are nominating for the Education Skilled Trades Advocate Award in the section below.<\/p>\n<p>Eligibility criteria for the Education Skilled Trades Advocate Award are available <a href=\"https:\/\/nb-map.ca\/education-skilled-trades-advocate\/\"><strong>HERE<\/strong><\/a>.<\/p>\n\t\n\t\n<form enctype=\"multipart\/form-data\" method=\"post\" id=\"form_mastermentorawardnomination8bf657f1f5e2ad857143b7bed90cc42\">\n<fieldset>\n<legend>Education Skilled Trades Advocate Award Nomination<\/legend>\n<input type=\"hidden\" name=\"frm_action\" value=\"create\" \/>\n<input type=\"hidden\" name=\"form_id\" value=\"41\" \/>\n<input type=\"hidden\" name=\"frm_hide_fields_41\" id=\"frm_hide_fields_41\" value=\"\" \/>\n<input type=\"hidden\" name=\"form_key\" value=\"mastermentorawardnomination8bf657f1f5e2ad857143b7bed90cc42\" \/>\n<input type=\"hidden\" name=\"item_meta[0]\" value=\"\" \/>\n<input type=\"hidden\" id=\"frm_submit_entry_41\" name=\"frm_submit_entry_41\" value=\"ec78e0e8e3\" \/><input type=\"hidden\" name=\"_wp_http_referer\" value=\"\/?page_id=27861&#038;fl_builder\" \/>\n    <label for=\"field_mhtfs1375feb404f086746e01f40a6708a32\" id=\"field_mhtfs1375feb404f086746e01f40a6708a32_label\">Nominee Name (First &#038; Last)\n        *\n    <\/label>\n    <input type=\"text\" id=\"field_mhtfs1375feb404f086746e01f40a6708a32\" name=\"item_meta[908]\" value=\"\"  data-reqmsg=\"Nominee Name (First &amp; Last) cannot be blank.\" aria-required=\"true\" data-invmsg=\"Text is invalid\" aria-invalid=\"false\"   \/>\n    <label for=\"field_aw3dyec7897a97eab3caa80e9ad48e767a12\" id=\"field_aw3dyec7897a97eab3caa80e9ad48e767a12_label\">Nominee Occupation(s)\n        *\n    <\/label>\n    <input type=\"text\" id=\"field_aw3dyec7897a97eab3caa80e9ad48e767a12\" name=\"item_meta[909]\" value=\"\"  data-reqmsg=\"Nominee Occupation(s) cannot be blank.\" aria-required=\"true\" data-invmsg=\"Text is invalid\" aria-invalid=\"false\"   \/>\n    <label for=\"field_y46he9651382fe82\" id=\"field_y46he9651382fe82_label\">Nominee title, for example: instructor, supervisor, safety representative, etc.\n        *\n    <\/label>\n    <input type=\"text\" id=\"field_y46he9651382fe82\" name=\"item_meta[910]\" value=\"\"  data-reqmsg=\"Nominee title, for example: instructor, supervisor, safety representative, etc. cannot be blank.\" aria-required=\"true\" data-invmsg=\"Text is invalid\" aria-invalid=\"false\"   \/>\n    <label for=\"field_6qi21efc56ae07e408cd044b06e74554f2b2\" id=\"field_6qi21efc56ae07e408cd044b06e74554f2b2_label\">Nominee Organization (union, company, etc)\n        *\n    <\/label>\n    <input type=\"text\" id=\"field_6qi21efc56ae07e408cd044b06e74554f2b2\" name=\"item_meta[911]\" value=\"\"  data-reqmsg=\"Nominee Organization (union, company, etc) cannot be blank.\" aria-required=\"true\" data-invmsg=\"Text is invalid\" aria-invalid=\"false\"   \/>\n    <label for=\"field_uk58l62442f034bacc4425da12f0eddf2f12\" id=\"field_uk58l62442f034bacc4425da12f0eddf2f12_label\">Nominee Address. Please provide as much detail as possible &#8211; home community name minimum\n        *\n    <\/label>\n    <input type=\"text\" id=\"field_uk58l62442f034bacc4425da12f0eddf2f12\" name=\"item_meta[912]\" value=\"\"  data-reqmsg=\"Nominee Address. Please provide as much detail as possible - home community name minimum cannot be blank.\" aria-required=\"true\" data-invmsg=\"Text is invalid\" aria-invalid=\"false\"   \/>\n    <label for=\"field_vkxvp27bd83cd1c92664d4bdaa5b4100f482\" id=\"field_vkxvp27bd83cd1c92664d4bdaa5b4100f482_label\">Nominee Email Address\n        *\n    <\/label>\n    <input type=\"email\" id=\"field_vkxvp27bd83cd1c92664d4bdaa5b4100f482\" name=\"item_meta[913]\" value=\"\"  data-reqmsg=\"Nominee Email Address cannot be blank.\" aria-required=\"true\" data-invmsg=\"Email is invalid\" aria-invalid=\"false\"  \/>\n    <label for=\"field_hqyf0456a942cbe9296dae62584be638aa72\" id=\"field_hqyf0456a942cbe9296dae62584be638aa72_label\">Nominee Telephone\n        *\n    <\/label>\n    <input type=\"text\" id=\"field_hqyf0456a942cbe9296dae62584be638aa72\" name=\"item_meta[914]\" value=\"\"  data-frmmask=\"(000) 000-0000\" data-reqmsg=\"Nominee Telephone cannot be blank.\" aria-required=\"true\" data-invmsg=\"Text is invalid\" aria-invalid=\"false\" pattern=\"(ddd) ddd-dddd$\"   \/>\n    <label for=\"field_qwxp4227f4ad4a4d275476cbc865ea4df742\" id=\"field_qwxp4227f4ad4a4d275476cbc865ea4df742_label\">Please state the reason you are nominating this journeyperson for the Trades Advocate Award.\n        *\n    <\/label>\n    <textarea name=\"item_meta[915]\" id=\"field_qwxp4227f4ad4a4d275476cbc865ea4df742\" rows=\"5\"  data-reqmsg=\"Please state the reason you are nominating this journeyperson for the Trades Advocate Award. cannot be blank.\" aria-required=\"true\" data-invmsg=\"Please state the reason you are nominating this journeyperson for the Trades Advocate Award. is invalid\" aria-invalid=\"false\"><\/textarea>\n    <label for=\"field_7r3b50281f25f1e21313bfacb1161b1af6b2\" id=\"field_7r3b50281f25f1e21313bfacb1161b1af6b2_label\">Please offer us at least 5 qualities\/competencies from your nominee that he or she has demonstrated at work which qualifies him or her to be Trades Advocate (i.e. listening, etc.)\n        *\n    <\/label>\n    <textarea name=\"item_meta[916]\" id=\"field_7r3b50281f25f1e21313bfacb1161b1af6b2\" rows=\"5\"  data-reqmsg=\"Please offer us at least 5 qualities\/competencies from your nominee that he or she has demonstrated at work which qualifies him or her to be Trades Advocate (i.e. listening, etc.) cannot be blank.\" aria-required=\"true\" data-invmsg=\"Please offer us at least 5 qualities\/competencies from your nominee that he or she has demonstrated at work which qualifies him or her to be Trades Advocate (i.e. listening, etc.) is invalid\" aria-invalid=\"false\"><\/textarea>\n    <label for=\"field_gh6ao56cbd5373e718c19e651f26abb1c4b2\" id=\"field_gh6ao56cbd5373e718c19e651f26abb1c4b2_label\">What&#8217;s your nominee&#8217;s greatest strength at work?\n        *\n    <\/label>\n    <textarea name=\"item_meta[917]\" id=\"field_gh6ao56cbd5373e718c19e651f26abb1c4b2\" rows=\"5\"  data-reqmsg=\"What&#039;s your nominee&#039;s greatest strength at work? cannot be blank.\" aria-required=\"true\" data-invmsg=\"What&#039;s your nominee&#039;s greatest strength at work? is invalid\" aria-invalid=\"false\"><\/textarea>\n    <label for=\"field_vmkh0dbe558b26a2\" id=\"field_vmkh0dbe558b26a2_label\">Describe a time when you believe your nominee went above and beyond this\/her regular job to support a student.\n        *\n    <\/label>\n    <textarea name=\"item_meta[919]\" id=\"field_vmkh0dbe558b26a2\" rows=\"5\"  data-reqmsg=\"Describe a time when you believe your nominee went above and beyond this\/her regular job to support a student. cannot be blank.\" aria-required=\"true\" data-invmsg=\"Describe a time when you believe your nominee went above and beyond this\/her regular job to support a student. is invalid\" aria-invalid=\"false\"><\/textarea>\n    <label for=\"field_27u7v0d5bcd1a69309e581ba77c0ca76b0a2\" id=\"field_27u7v0d5bcd1a69309e581ba77c0ca76b0a2_label\">Do you have any final comments to add?\n    <\/label>\n    <textarea name=\"item_meta[920]\" id=\"field_27u7v0d5bcd1a69309e581ba77c0ca76b0a2\" rows=\"5\"  data-invmsg=\"Do you have any final comments to add? is invalid\" aria-invalid=\"false\"><\/textarea>\n<h2>Nominator Information<\/h2>\n<p>All nominations require two (2) nominators:<\/p>\n<ul>\n<li>At least one nominator must have (or have had in the past) a working relationship with the nominee<\/li>\n<li>Only one of the nominators may be a relative of the nominee<\/li>\n<\/ul>\n<p>Please provide your contact information, and that of the second nominator in the section below. If your candidate is short-listed for the award, the NB-MAP team will contact you for further information.<\/p>\n<h3>First Nominator<\/h3>\n    <label for=\"field_mjvfb5fad649d30746e56f02c1b4f89faa72\" id=\"field_mjvfb5fad649d30746e56f02c1b4f89faa72_label\">1st Nominator Name (First &#038; Last)\n        *\n    <\/label>\n    <input type=\"text\" id=\"field_mjvfb5fad649d30746e56f02c1b4f89faa72\" name=\"item_meta[923]\" value=\"\"  data-reqmsg=\"1st Nominator Name (First &amp; Last) cannot be blank.\" aria-required=\"true\" data-invmsg=\"Text is invalid\" aria-invalid=\"false\"   \/>\n    <label for=\"field_yc97fdd43cd4248b554cdafea2\" id=\"field_yc97fdd43cd4248b554cdafea2_label\">Relationship to nominee. Please tell us how you know the nominee &#8211; you worked with them, they mentored you, you supervised them, etc.\n    <\/label>\n    <input type=\"text\" id=\"field_yc97fdd43cd4248b554cdafea2\" name=\"item_meta[924]\" value=\"\"  data-invmsg=\"Text is invalid\" aria-invalid=\"false\"   \/>\n    <label for=\"field_bslru6fb175b5bed6a54cc86800d53a5bac2\" id=\"field_bslru6fb175b5bed6a54cc86800d53a5bac2_label\">1st Nominator Email Address\n        *\n    <\/label>\n    <input type=\"email\" id=\"field_bslru6fb175b5bed6a54cc86800d53a5bac2\" name=\"item_meta[925]\" value=\"\"  data-reqmsg=\"1st Nominator Email Address cannot be blank.\" aria-required=\"true\" data-invmsg=\"Email is invalid\" aria-invalid=\"false\"  \/>\n    <label for=\"field_v3xywfc3aead6a8c30c0a4c5ef1e15bfef72\" id=\"field_v3xywfc3aead6a8c30c0a4c5ef1e15bfef72_label\">1st Nominator Phone\n        *\n    <\/label>\n    <input type=\"tel\" id=\"field_v3xywfc3aead6a8c30c0a4c5ef1e15bfef72\" name=\"item_meta[926]\" value=\"\"  data-frmmask=\"(000) 000-0000\" data-reqmsg=\"1st Nominator Phone cannot be blank.\" aria-required=\"true\" data-invmsg=\"Phone is invalid\" aria-invalid=\"false\" pattern=\"(ddd) ddd-dddd$\"  \/>\n<h3>Second Nominator<\/h3>\n    <label for=\"field_8rl4a0fb0f5ad7d6f771a6c3cdeafeec2d12\" id=\"field_8rl4a0fb0f5ad7d6f771a6c3cdeafeec2d12_label\">2nd Nominator Name (First &#038; Last)\n        *\n    <\/label>\n    <input type=\"text\" id=\"field_8rl4a0fb0f5ad7d6f771a6c3cdeafeec2d12\" name=\"item_meta[928]\" value=\"\"  data-reqmsg=\"2nd Nominator Name (First &amp; Last) cannot be blank.\" aria-required=\"true\" data-invmsg=\"Text is invalid\" aria-invalid=\"false\"   \/>\n    <label for=\"field_79c7f4f5cb9da3b1ea60f34092\" id=\"field_79c7f4f5cb9da3b1ea60f34092_label\">Relationship to nominee. Please tell us how you know the nominee &#8211; you worked with them, they mentored you, you supervised them, etc.\n    <\/label>\n    <input type=\"text\" id=\"field_79c7f4f5cb9da3b1ea60f34092\" name=\"item_meta[929]\" value=\"\"  data-invmsg=\"Text is invalid\" aria-invalid=\"false\"   \/>\n    <label for=\"field_2asly4afc23fb58487a3ddb1a1e4afeef102\" id=\"field_2asly4afc23fb58487a3ddb1a1e4afeef102_label\">2nd Nominator Email Address\n        *\n    <\/label>\n    <input type=\"email\" id=\"field_2asly4afc23fb58487a3ddb1a1e4afeef102\" name=\"item_meta[930]\" value=\"\"  data-reqmsg=\"2nd Nominator Email Address cannot be blank.\" aria-required=\"true\" data-invmsg=\"Email is invalid\" aria-invalid=\"false\"  \/>\n    <label for=\"field_qt27g58c965c9ee6abbfe0e9a8c0ded355e2\" id=\"field_qt27g58c965c9ee6abbfe0e9a8c0ded355e2_label\">2nd Nominator Phone\n        *\n    <\/label>\n    <input type=\"tel\" id=\"field_qt27g58c965c9ee6abbfe0e9a8c0ded355e2\" name=\"item_meta[931]\" value=\"\"  data-frmmask=\"(000) 000-0000\" data-reqmsg=\"2nd Nominator Phone cannot be blank.\" aria-required=\"true\" data-invmsg=\"Phone is invalid\" aria-invalid=\"false\" pattern=\"(ddd) ddd-dddd$\"  \/>\n    <label for=\"field_vjz890f6638e17646c019151347d0a12de2\" id=\"field_vjz890f6638e17646c019151347d0a12de2_label\">Additional info. If you&#8217;d like to include additional information in your nomination please feel free.\n    <\/label>\n    <textarea name=\"item_meta[932]\" id=\"field_vjz890f6638e17646c019151347d0a12de2\" rows=\"5\"  data-invmsg=\"Additional info. If you&#039;d like to include additional information in your nomination please feel free. is invalid\" aria-invalid=\"false\"><\/textarea>\n<button type=\"submit\"   formnovalidate=\"formnovalidate\">Submit<\/button>\n\t<input type=\"hidden\" name=\"item_key\" value=\"\" \/>\n\t\t\t<label for=\"field_kz1ev\">\n\t\t\t\tIf you are human, leave this field blank.\t\t\t<\/label>\n\t\t\t<input id=\"field_kz1ev\" type=\"text\" name=\"item_meta[934]\" value=\"\"  \/>\n\t\t<input name=\"frm_state\" type=\"hidden\" value=\"04xc+FjWL0ALMLLTsNYlZR\/oTJyoaV3BAdbo0bjlzsh63lv8MsNvzDnoc1Gck9Z3\" \/>\n<\/fieldset>\n<\/form>\n\n","protected":false},"excerpt":{"rendered":"<p>Nominee Information Please tell us about the person you are nominating for the Education Skilled Trades Advocate Award in the section below. Eligibility criteria for the Education Skilled Trades Advocate Award are available HERE. Education Skilled Trades Advocate Award Nomination Nominee Name (First &#038; Last) * Nominee Occupation(s) * Nominee title, for example: instructor, supervisor,&hellip;<\/p>","protected":false},"author":2,"featured_media":748,"parent":171,"menu_order":10,"comment_status":"closed","ping_status":"closed","template":"","meta":{"_acf_changed":false,"_seopress_robots_primary_cat":"","_seopress_titles_title":"Education Skilled Trades Advocate Award Nomination | MAP Strategic Workforce Services","_seopress_titles_desc":"Education Skilled Trades Advocate Award Nomination | M","_seopress_robots_index":"","footnotes":""},"class_list":["post-27861","page","type-page","status-publish","has-post-thumbnail","hentry"],"acf":[],"_links":{"self":[{"href":"https:\/\/nb-map.ca\/fr\/wp-json\/wp\/v2\/pages\/27861","targetHints":{"allow":["GET"]}}],"collection":[{"href":"https:\/\/nb-map.ca\/fr\/wp-json\/wp\/v2\/pages"}],"about":[{"href":"https:\/\/nb-map.ca\/fr\/wp-json\/wp\/v2\/types\/page"}],"author":[{"embeddable":true,"href":"https:\/\/nb-map.ca\/fr\/wp-json\/wp\/v2\/users\/2"}],"replies":[{"embeddable":true,"href":"https:\/\/nb-map.ca\/fr\/wp-json\/wp\/v2\/comments?post=27861"}],"version-history":[{"count":6,"href":"https:\/\/nb-map.ca\/fr\/wp-json\/wp\/v2\/pages\/27861\/revisions"}],"predecessor-version":[{"id":27873,"href":"https:\/\/nb-map.ca\/fr\/wp-json\/wp\/v2\/pages\/27861\/revisions\/27873"}],"up":[{"embeddable":true,"href":"https:\/\/nb-map.ca\/fr\/wp-json\/wp\/v2\/pages\/171"}],"wp:featuredmedia":[{"embeddable":true,"href":"https:\/\/nb-map.ca\/fr\/wp-json\/wp\/v2\/media\/748"}],"wp:attachment":[{"href":"https:\/\/nb-map.ca\/fr\/wp-json\/wp\/v2\/media?parent=27861"}],"curies":[{"name":"wp","href":"https:\/\/api.w.org\/{rel}","templated":true}]}}