{"id":741,"date":"2020-03-29T12:05:10","date_gmt":"2020-03-29T15:05:10","guid":{"rendered":"https:\/\/thepridhamgroup.mydev.ca\/mapsws\/?page_id=741"},"modified":"2026-04-14T15:23:03","modified_gmt":"2026-04-14T18:23:03","slug":"distinction-in-mentorship-awards","status":"publish","type":"page","link":"https:\/\/nb-map.ca\/fr\/upcoming-events\/distinction-in-mentorship-awards\/","title":{"rendered":"Prix de distinction en mentorat"},"content":{"rendered":"<h2>\n\t\t\tCet \u00e9v\u00e9nement annuel apporte une attention particuli\u00e8re aux travailleurs des m\u00e9tiers sp\u00e9cialis\u00e9s qui d\u00e9dient chaque jour de travail non seulement \u00e0 produire en s\u00e9curit\u00e9 du travail de haute qualit\u00e9, mais aussi au mentorat en guidant et en enseignant leur m\u00e9tier \u00e0 la prochaine g\u00e9n\u00e9ration de main d'oeuvre en construction, leurs apprentis.\t<\/h2>\n<h2>\n\t\t\tGagnants du Prix d\u2019excellence pour l\u2019ensemble des r\u00e9alisations\t<\/h2>\n\t<p class=\"translation-block\"><strong>Nomm\u00e9 par vous<\/strong>, Le Prix d\u2019excellence pour\nl\u2019ensemble des r\u00e9alisations\nreconna\u00eet une personne qui a apport\u00e9 une contribution importante et soutenue tout au long de sa carri\u00e8re dans les m\u00e9tiers sp\u00e9cialis\u00e9s, en faisant la promotion et en soutenant le programme d\u2019apprentissage et la certification professionnelle, ainsi qu\u2019en favorisant l\u2019\u00e9quit\u00e9, la diversit\u00e9 et l\u2019inclusion dans nos industries.<\/p>\n<p class=\"translation-block\">Vous pouvez consulter nles <strong><a href=\"https:\/\/nb-map.ca\/fr\/lifetime-achievement-award\/\" target=\"_self\">award selection criteria<\/a><\/strong>, et proposez la nomination d\u2019une personne qui a eu un impact durable pour le Prix d\u2019excellence pour l\u2019ensemble des r\u00e9alisations <strong><a href=\"https:\/\/nb-map.ca\/fr\/lifetime-achievement-award-nomination\/\" target=\"_self\">ici<\/a><\/strong>.<\/p>\n\t<p><strong>2025<\/strong> &#8211; Roy Silliker, Executive Director, New Brunswick Construction Safety Association<\/p>\n<p><strong>2024<\/strong> &#8211; Brian Powe, RSE<\/p>\n<p><strong>2023 <\/strong>&#8211; Tom Coughlan<\/p>\n\t\t\t<a href=\"https:\/\/nb-map.ca\/fr\/lifetime-achievement-award-nomination\/\"  target=\"_self\">\n\t\t\t\t\t\t\tProposer la nomination d\u2019une personne pour le Prix d\u2019excellence pour l\u2019ensemble des r\u00e9alisations\n\t\t\t\t\t<\/a>\n<h2>\n\t\t\tGAGNANTS DU PRIX APPRENTI EXCEPTIONNEL\t<\/h2>\n\t<p class=\"translation-block\"><strong>Nomm\u00e9 par vous<\/strong>, l'Apprenti Exceptionnel va au-del\u00e0 de la norme dans son engagement pour son m\u00e9tier et son apprentissage. Vous pouvez consulter nles <strong><a href=\"https:\/\/nb-map.ca\/fr\/upcoming-events\/outstanding-apprentice-award\/\" target=\"_self\"> crit\u00e8res d'\u00e9ligibilit\u00e9 <\/a><\/strong>, et nominer un Apprenti Exceptionnel <strong><a href=\"https:\/\/nb-map.ca\/fr\/upcoming-events\/2021-outstanding-apprentice-award-nomination\/\" target=\"_self\">ici<\/a><\/strong>.<\/p>\n<strong>2025<\/strong> &#8211; Justin Cormier, Boilermaker, International Brotherhood of Boilermakers Local 73<br \/>\n<strong>2024<\/strong> &#8211; Travis Meldrum, Truck and Transport Technician, DTI GNB\u00a0 \u00a0 \u00a0 \u00a0 \u00a0 \u00a0 \u00a0 \u00a0 \u00a0 \u00a0 \u00a0 \u00a0 \u00a0 \u00a0 \u00a0 \u00a0 \u00a0 \u00a0 \u00a0 \u00a0 \u00a0 \u00a0 \u00a0 \u00a0 \u00a0 \u00a0 \u00a0 \u00a0 \u00a0 \u00a0 \u00a0 \u00a0 \u00a0 \u00a0 \u00a0 \u00a0 \u00a0 \u00a0 \u00a0 \u00a0 \u00a0 \u00a0 \u00a0 \u00a0 \u00a0 \u00a0 <strong>2023<\/strong> &#8211; Zach Brown, Level 3 HVAC\/R Apptrentice, Valley Refrigeration &amp; Air Conditioning Ltd.\u00a0<strong><br \/>\n2022 <\/strong>&#8211; Adam No\u00ebl, Boilermaker, Local 73<br \/>\n<strong>2021 <\/strong>&#8211; Garret Francis, Red Seal Electrician, McGraw Seafoods<br \/>\n<strong>2020<\/strong> &#8211; Morgan Anderson, Acadian Construction, Block 3 Carpenter<br \/>\n<strong>2019<\/strong>\u00a0&#8211; Pascal Doiron, JPs Garage\/ Skills Canada New Brunswick, Automotive Service Technician<br \/>\n<strong>2018<\/strong>\u00a0&#8211; Sheldon Patterson, Jacobs Industrial\/ Boilermakers Local 73, Block 4 Boilermaker<br \/>\n<strong>2017<\/strong>\u00a0&#8211; Justin McGrath, Lorneville, Block 4 Pipefitter<br \/>\n<strong>2016<\/strong>\u00a0&#8211; Eric Brideau, Acadian Construction\/ Carpenters Local 1386, Block 4 Carpenter\n\t\t\t<a href=\"https:\/\/nb-map.ca\/fr\/upcoming-events\/master-mentor-award-nomination\/\"  target=\"_self\">\n\t\t\t\t\t\t\tNominer un Apprenti Exceptionnel\n\t\t\t\t\t<\/a>\n<h2>\n\t\t\tGagnants du prix ma\u00eetre mentor\t<\/h2>\n\t<p class=\"translation-block\">Le Ma\u00eetre Mentor aura offert une contribution exceptionnelle au d\u00e9veloppement et \u00e0 l'apprentissage pour les m\u00e9tiers sp\u00e9cialis\u00e9s au Nouveau-Brunswick. Vous pouvez consulter les <a href=\"https:\/\/nb-map.ca\/fr\/upcoming-events\/master-mentor-award\/\" target=\"_self\"><strong>crit\u00e8res d'\u00e9ligibilit\u00e9<\/strong><\/a>, et nominer un Ma\u00eetre mentor<strong><a href=\"https:\/\/nb-map.ca\/fr\/upcoming-events\/2021-master-mentor-award-nomination\/\" target=\"_self\"> ici<\/a><\/strong>.<\/p>\n<strong>2025<\/strong> &#8211; Jeremy Walsh, Welder RSE., Sunny Corner Enterprises Inc.<br \/>\n<strong>2024<\/strong>\u00a0&#8211; Robert Allain, RSE Bricklayer, Local 8<br \/>\n<strong>2023 <\/strong>&#8211; Rebecca Nicole, RSE Millwright, NBM Railways\/JDI<br \/>\n<strong>2022<\/strong> &#8211; Marcel Losier, Boilermaker, Babcock &amp; Wilcox<br \/>\n<strong>2021<\/strong> &#8211; Gene Cormier Red Seal Chef\/owner Euston Park\/Clos\/Halo Donuts<br \/>\n<strong>2020<\/strong> &#8211; Barry Boyle, Red Seal Automotive Service Tech, Coast Tire &amp; Auto<br \/>\n<strong>2019<\/strong>\u00a0&#8211; Edgar Leblanc, Instructor Roofing Training Centre, Journeyperson Roofer, Owner of E. LeBlanc Roof Observer Ltd.<br \/>\n<strong>2018<\/strong>\u00a0&#8211; Marco Doiron, Training Coordinator Ironworkers Local 842, Journeyperson Ironworker<br \/>\n<strong>2017<\/strong>\u00a0&#8211; Terri Mallet, Red Seal Carpenter with Acadian Construction<br \/>\n<strong>2016<\/strong>\u00a0&#8211; Tim Moore, Site Manager Jacobs Industrial, Journeyperson Pipefitter<br \/>\n<strong>2015<\/strong>\u00a0&#8211; Gary Ritchie, President of New Brunswick Building Trades Union\n\t\t\t<a href=\"https:\/\/nb-map.ca\/fr\/upcoming-events\/master-mentor-award-nomination\/\"  target=\"_self\">\n\t\t\t\t\t\t\tnominer un Ma\u00eetre mentor\n\t\t\t\t\t<\/a>\n<h2>\n\t\t\tPROMOTEUR DES M\u00c9TIERS\t<\/h2>\n\t<p><strong>Nomm\u00e9 par vous<\/strong>le D\u00e9fenseur Mentor soutient et fait la promotion du mentorat, de la s\u00e9curit\u00e9, de l'apprentissage et de la certification dans les m\u00e9tiers sp\u00e9cialis\u00e9s. Vous pouvez consulter les <strong><a href=\"https:\/\/nb-map.ca\/fr\/upcoming-events\/trades-advocate-award\/\">crit\u00e8res d'\u00e9ligibilit\u00e9<\/a><\/strong>, et nominer un d\u00e9fenseur mento <strong><a href=\"https:\/\/nb-map.ca\/fr\/upcoming-events\/trades-advocate-award-nomination\/\">ici<\/a><\/strong>.<\/p>\n<strong>2025<\/strong> &#8211; Gregory Moore, PLT, RSE. &amp; Field Ops Training Specialist, NB Power\/IBEW 37<br \/>\n<strong>2024<\/strong> &#8211; Richard Smith RSE, Provincial Director of Training, UA\/MCA JATC Board Chair, Skilled Trades NB<br \/>\n<strong>2023<\/strong> &#8211; Kelsey McKenzie, RSE Welder\/Instructor, NBCC<br \/>\n<strong>2022<\/strong>\u00a0&#8211; Ron Hutton, General Manager, NBRCA<br \/>\n<strong>2021<\/strong> &#8211; Eric Ellefesen, Red Seal Refrigeration &amp; Air Conditioning Technician &amp; NBCC Instructor<br \/>\n<strong>2020<\/strong> &#8211; Bruno Noel, Red Seal Boilermaker &amp; NBCC Instructor\n\t\t\t<a href=\"https:\/\/nb-map.ca\/fr\/upcoming-events\/trades-advocate-award-nomination\/\"  target=\"_self\">\n\t\t\t\t\t\t\tNominer un d\u00e9fenseur mentor\n\t\t\t\t\t<\/a>\n<h2>\n\t\t\tGAGNANTS DU PRIX CHAMPION DE L'INDUSTRIE\t<\/h2>\n\t<p>D\u00e9cern\u00e9 par l'\u00e9quipe du SSMPMA, ce prix est accord\u00e9 \u00e0 une organisation qui d\u00e9montre un leadership exceptionnel dans la cr\u00e9ation d'une culture d'aprentissage en milieu de travail, supportant leurs compagnons par la formation en mentorat, investissant dans l'apprentissage et d\u00e9montrant l'importance du mentorat en milieu de travail. Le Champion de l'Industrie du SSMPMA \u00e9tablit la norme d'excellence pour la formation et l'apprentissage en milieu de travail.<\/p>\n\t<strong>2025 <\/strong>&#8211; Beaulieu Plumbing &amp; Mechanical<br \/>\n<strong>2023 <\/strong>&#8211; OSCO Construction Group<br \/>\n<strong>2021<\/strong>\u00a0&#8211; JDI<br \/>\n<strong>2020<\/strong> &#8211; Construction Association of NB<br \/>\n<strong>2019<\/strong>\u00a0&#8211; Chaleur Sawmills<br \/>\n<strong>2018<\/strong>\u00a0&#8211; Lorneville<br \/>\n<strong>2017<\/strong>\u00a0&#8211; The International Brotherhood of Boilermakers Local 73 (Over 100 Employers)<br \/>\n<strong>2017<\/strong>\u00a0&#8211; Pro-Insul (Under 100 Employers)<br \/>\n<strong>2016<\/strong>\u00a0&#8211; NB Power NB with Mentor Program Partner IBEW 37 (Over 100 Employers)<br \/>\n<strong>2016<\/strong>\u00a0&#8211; Marque Construction (Under 100 Employers)<br \/>\n<strong>2015<\/strong>\u00a0&#8211; Irving Oil","protected":false},"excerpt":{"rendered":"<p>This annual event brings special attention to the skilled tradespeople who dedicate each workday not only to producing high quality work safely, but also to mentoring, guiding and teaching the next generation of the construction workforce, their apprentices. LIFETIME ACHIEVEMENT AWARD WINNERS Nominated by you, the Lifetime Achievement Award recognizes an individual who has made&hellip;<\/p>","protected":false},"author":2,"featured_media":748,"parent":171,"menu_order":10,"comment_status":"closed","ping_status":"closed","template":"","meta":{"_acf_changed":false,"_seopress_robots_primary_cat":"","_seopress_titles_title":"","_seopress_titles_desc":"","_seopress_robots_index":"","footnotes":""},"class_list":["post-741","page","type-page","status-publish","has-post-thumbnail","hentry"],"acf":[],"_links":{"self":[{"href":"https:\/\/nb-map.ca\/fr\/wp-json\/wp\/v2\/pages\/741","targetHints":{"allow":["GET"]}}],"collection":[{"href":"https:\/\/nb-map.ca\/fr\/wp-json\/wp\/v2\/pages"}],"about":[{"href":"https:\/\/nb-map.ca\/fr\/wp-json\/wp\/v2\/types\/page"}],"author":[{"embeddable":true,"href":"https:\/\/nb-map.ca\/fr\/wp-json\/wp\/v2\/users\/2"}],"replies":[{"embeddable":true,"href":"https:\/\/nb-map.ca\/fr\/wp-json\/wp\/v2\/comments?post=741"}],"version-history":[{"count":48,"href":"https:\/\/nb-map.ca\/fr\/wp-json\/wp\/v2\/pages\/741\/revisions"}],"predecessor-version":[{"id":27875,"href":"https:\/\/nb-map.ca\/fr\/wp-json\/wp\/v2\/pages\/741\/revisions\/27875"}],"up":[{"embeddable":true,"href":"https:\/\/nb-map.ca\/fr\/wp-json\/wp\/v2\/pages\/171"}],"wp:featuredmedia":[{"embeddable":true,"href":"https:\/\/nb-map.ca\/fr\/wp-json\/wp\/v2\/media\/748"}],"wp:attachment":[{"href":"https:\/\/nb-map.ca\/fr\/wp-json\/wp\/v2\/media?parent=741"}],"curies":[{"name":"wp","href":"https:\/\/api.w.org\/{rel}","templated":true}]}}