{"id":763,"date":"2020-03-29T15:11:16","date_gmt":"2020-03-29T18:11:16","guid":{"rendered":"https:\/\/thepridhamgroup.mydev.ca\/mapsws\/?page_id=763"},"modified":"2024-07-09T08:40:58","modified_gmt":"2024-07-09T11:40:58","slug":"distinction-in-mentorship-awards-2017","status":"publish","type":"page","link":"https:\/\/nb-map.ca\/fr\/upcoming-events\/distinction-in-mentorship-awards-2017\/","title":{"rendered":"Distinction In Mentorship Awards 2017"},"content":{"rendered":"<p>Le mercredi 9 novembre, les m\u00e9tiers de la construction du Nouveau-Brunswick ont c\u00e9l\u00e9br\u00e9 leur longue histoire de mentorat en milieu de travail et le d\u00e9veloppement d'apprentis au 3\u00e8me Gala des Prix de Distinction en Mentorat au Pavillon de Lily Lake \u00e0 Saint John, N.-B.<\/p>\n<p>Cet \u00e9v\u00e9nement annuel apporte une attention particuli\u00e8re aux travailleurs des m\u00e9tiers sp\u00e9cialis\u00e9s qui d\u00e9dient chaque jour de travail non seulement \u00e0 produire en s\u00e9curit\u00e9 du travail de haute qualit\u00e9, mais aussi au mentorat en guidant et en enseignant leur m\u00e9tier \u00e0 la prochaine g\u00e9n\u00e9ration de main d'oeuvre en construction, leurs apprentis.<\/p>\n<p>Get to know this year&#8217;s award winners and nominees through the videos below.<\/p>\n<h2>\n\t\tLES GAGNANTS DES PRIX DE DISTINCTION EN MENTORAT 2017\n\t<\/h2>\n<h3>\n\t\tChampion Corporatif, 100 Employ\u00e9s Et Plus\n\t<\/h3>\n<h4>\n\t\tLa Section Locale 73 De La Fraternit\u00e9 Internationale De Chaudronniers\n\t<\/h4>\n\t<p>The NB-MAP Corporate Champion sets the standard for industry excellence in workplace teaching and learning. Boilermakers Local 73 is recognized for it&#8217;s dedication to on-the-job learning, as demonstrated by their well resourced and structured mentorship program and ongoing partnership with NB-MAP.<\/p>\n<p><iframe loading=\"lazy\" src=\"https:\/\/www.youtube.com\/embed\/mYVhrpWpFVI\" width=\"800\" height=\"450\" frameborder=\"0\" allowfullscreen=\"allowfullscreen\"><\/iframe><\/p>\n<h3>\n\t\tChampion Corporatif, 100 Employ\u00e9s Et Moins\n\t<\/h3>\n<h4>\n\t\tPro-Insul\n\t<\/h4>\n\t<p>Pro-Insul a adopt\u00e9 le mentorat en milieu de travail, fournissant la formation en mentorat du PMA-NB \u00e0 tous leurs employ\u00e9s de base et en participant \u00e0 d'autres programmes de d\u00e9veloppement de la main d'uvre tels que Nouvelles Bottes.<\/p>\n<p><iframe loading=\"lazy\" src=\"https:\/\/www.youtube.com\/embed\/eNxHheQBGmE\" width=\"800\" height=\"450\" frameborder=\"0\" allowfullscreen=\"allowfullscreen\"><\/iframe><\/p>\n<h3>\n\t\tMa\u00eetre Mentor\n\t<\/h3>\n<h4>\n\t\tTerri Mallet, Charpentier Sceau Rouge Avec Constructions Acadiennes\n\t<\/h4>\n\t<p>Le Ma\u00eetre Mentor incarne les qualit\u00e9s d'un mentor efficace en milieu de travail chaque jour et offre une contribution hors pair au d\u00e9veloppement d'apprentis. Terry a \u00e9t\u00e9 nomin\u00e9e par son employeur pour son attitude positive, sa capacit\u00e9 \u00e0 encourager les apprentis et sa volont\u00e9 de partager ses connaissances avec les apprentis et les autres mentors. Elle illustre comment un individu peut d\u00e9buter sa carri\u00e8re comme apprenti et par un travail acharn\u00e9, une \u00e9ducation et un d\u00e9vouement, on peut devenir un leader.<\/p>\n<p><iframe loading=\"lazy\" src=\"https:\/\/www.youtube.com\/embed\/k9tOX6l0FbU\" width=\"800\" height=\"450\" frameborder=\"0\" allowfullscreen=\"allowfullscreen\"><\/iframe><\/p>\n<h3>\n\t\tApprenti Exceptionnel\n\t<\/h3>\n<h4>\n\t\tJustin Mcgrath, Lorneville Mechanical, Block 4 Tuyauterie\n\t<\/h4>\n\t<p>The Outstanding Apprentice consistently demonstrates the five A&#8217;s of apprenticeship: Attitude, Aptitude, Attendance, Ask questions, &amp; Advocate. Justin started working with Lorneville as a plumber, where he decided to pursue an additional certification as a pipefitter. He won the gold medal in the 2017 Skills Canada Provincial Competition, and took the silver medal in the 2017 Skills Canada National Competition.<\/p>\n<p><em>&#8220;Justin is dedicated, hardworking and has an unquenchable thirst to learn. He always demonstrates safe practices in the work place and ask plenty of questions.&#8221;<\/em> \u00a0&#8211; Ian Flower, Shop Manager<\/p>\n<p><iframe loading=\"lazy\" src=\"https:\/\/www.youtube.com\/embed\/eSjv-9MWeRk\" width=\"800\" height=\"450\" frameborder=\"0\" allowfullscreen=\"allowfullscreen\"><\/iframe><\/p>","protected":false},"excerpt":{"rendered":"<p>On November 9th, 2017 the construction trades in New Brunswick celebrated their long history of on-the-job mentorship and apprentice development at the NB-MAP 3rd Annual Distinction in Mentorship Awards Gala at the Lily Lake Pavilion in Saint John, NB. This annual event brings special attention to the skilled tradespeople who dedicate each workday not only&hellip;<\/p>","protected":false},"author":2,"featured_media":566,"parent":171,"menu_order":10,"comment_status":"closed","ping_status":"closed","template":"","meta":{"_acf_changed":false,"_seopress_robots_primary_cat":"","_seopress_titles_title":"","_seopress_titles_desc":"","_seopress_robots_index":"","footnotes":""},"class_list":["post-763","page","type-page","status-publish","has-post-thumbnail","hentry"],"acf":[],"_links":{"self":[{"href":"https:\/\/nb-map.ca\/fr\/wp-json\/wp\/v2\/pages\/763","targetHints":{"allow":["GET"]}}],"collection":[{"href":"https:\/\/nb-map.ca\/fr\/wp-json\/wp\/v2\/pages"}],"about":[{"href":"https:\/\/nb-map.ca\/fr\/wp-json\/wp\/v2\/types\/page"}],"author":[{"embeddable":true,"href":"https:\/\/nb-map.ca\/fr\/wp-json\/wp\/v2\/users\/2"}],"replies":[{"embeddable":true,"href":"https:\/\/nb-map.ca\/fr\/wp-json\/wp\/v2\/comments?post=763"}],"version-history":[{"count":3,"href":"https:\/\/nb-map.ca\/fr\/wp-json\/wp\/v2\/pages\/763\/revisions"}],"predecessor-version":[{"id":26895,"href":"https:\/\/nb-map.ca\/fr\/wp-json\/wp\/v2\/pages\/763\/revisions\/26895"}],"up":[{"embeddable":true,"href":"https:\/\/nb-map.ca\/fr\/wp-json\/wp\/v2\/pages\/171"}],"wp:featuredmedia":[{"embeddable":true,"href":"https:\/\/nb-map.ca\/fr\/wp-json\/wp\/v2\/media\/566"}],"wp:attachment":[{"href":"https:\/\/nb-map.ca\/fr\/wp-json\/wp\/v2\/media?parent=763"}],"curies":[{"name":"wp","href":"https:\/\/api.w.org\/{rel}","templated":true}]}}