{"id":84,"date":"2020-03-07T07:46:24","date_gmt":"2020-03-07T11:46:24","guid":{"rendered":"https:\/\/thepridhamgroup.mydev.ca\/mapsws\/?page_id=84"},"modified":"2024-07-15T09:35:06","modified_gmt":"2024-07-15T12:35:06","slug":"home-2","status":"publish","type":"page","link":"https:\/\/nb-map.ca\/fr\/","title":{"rendered":"Accueil"},"content":{"rendered":"<h2>\n\t\tSOUTENIR LES CARRI\u00c8RES DANS LES M\u00c9TIERS SP\u00c9CIALIS\u00c9S : L\u00c0 O\u00d9 LES D\u00c9BUTANTS S'\u00c9PANOUISSENT ET O\u00d9 LES EMPLOYEURS PROSP\u00c8RENT\n\t<\/h2>\n<h2>\n\t\tResponsabiliser la prochaine g\u00e9n\u00e9ration de gens de m\u00e9tier et favoriser la r\u00e9ussite de l'entreprise.\n\t<\/h2>\n\t\t\t<a href=\"https:\/\/nb-map.ca\/fr\/contact\/\" target=\"_self\" rel=\"noopener\">\n\t\t\t\t\t\t\tContactez-nous\n\t\t\t\t\t<\/a>\n<h2>\n\t\tSSMPMA OFFRE QUATRE PROGRAMMES\n\t<\/h2>\n\t<p>Vous envisagez une carri\u00e8re dans les m\u00e9tiers sp\u00e9cialis\u00e9s ?  SSMPMA propose quatre programmes et services sp\u00e9cialement con\u00e7us pour vous. Chacun est con\u00e7u pour guider, former et soutenir des personnes comme vous, assurant une transition en douceur vers le m\u00e9tier sp\u00e9cialis\u00e9 de votre choix. Venez d\u00e9couvrir comment nous pouvons vous aider dans votre parcours.<\/p>\n<h3>\n\t\tPOUR EN SAVOIR PLUS, VEUILLEZ S\u00c9LECTIONNER LE LOGO DU PROGRAMME QUI R\u00c9POND \u00c0 VOS BESOINS CI-DESSOUS\n\t<\/h3>\n\t\t\t\t<a href=\"https:\/\/nb-map.ca\/fr\/nbmap\/\" target=\"_self\" itemprop=\"url\" rel=\"noopener\">\n\t\t\t\t<img loading=\"lazy\" decoding=\"async\" src=\"https:\/\/nb-map.ca\/wp-content\/uploads\/2024\/01\/NBMAPPMANB-Logo.png\" alt=\"NBMAP-PMANB Logo\" itemprop=\"image\" height=\"800\" width=\"800\" title=\"NBMAPPMANB-Logo\" onerror=\"this.style.display='none'\"  \/>\n\t\t\t\t<\/a>\n\t\t\t\t<a href=\"https:\/\/nb-map.ca\/fr\/step\/\" target=\"_self\" itemprop=\"url\" rel=\"noopener\">\n\t\t\t\t<img loading=\"lazy\" decoding=\"async\" src=\"https:\/\/nb-map.ca\/wp-content\/uploads\/2024\/01\/STEP-PEMS-Logo.png\" alt=\"STEP-PEMS Logo\" itemprop=\"image\" height=\"800\" width=\"800\" title=\"STEP-PEMS-Logo\" onerror=\"this.style.display='none'\"  \/>\n\t\t\t\t<\/a>\n\t\t\t\t<a href=\"https:\/\/nb-map.ca\/fr\/new-boots\/\" target=\"_self\" itemprop=\"url\" rel=\"noopener\">\n\t\t\t\t<img loading=\"lazy\" decoding=\"async\" src=\"https:\/\/nb-map.ca\/wp-content\/uploads\/2024\/01\/NEWBOOTS-Logo.png\" alt=\"NEW BOOTS - NOUVELLE BOTTES Logo\" itemprop=\"image\" height=\"800\" width=\"800\" title=\"NEWBOOTS-Logo\" onerror=\"this.style.display='none'\"  \/>\n\t\t\t\t<\/a>\n\t\t\t\t<a href=\"https:\/\/nb-map.ca\/fr\/fit\/\" target=\"_self\" itemprop=\"url\" rel=\"noopener\">\n\t\t\t\t<img loading=\"lazy\" decoding=\"async\" src=\"https:\/\/nb-map.ca\/wp-content\/uploads\/2024\/01\/FITPNM-Logo.png\" alt=\"FIT-PNM Logo\" itemprop=\"image\" height=\"800\" width=\"800\" title=\"FITPNM-Logo\" onerror=\"this.style.display='none'\"  \/>\n\t\t\t\t<\/a>\n\t\t\t<a href=\"https:\/\/nb-map.ca\/fr\/contact\/\" target=\"_self\" rel=\"noopener\">\n\t\t\t\t\t\t\tContactez-nous\n\t\t\t\t\t<\/a>\n<h2>\n\t\tUN AVENIR PROMETTEUR DANS LES M\u00c9TIERS SP\u00c9CIALIS\u00c9S COMMENCE ICI\n\t<\/h2>\n\t<p>As almost 10,000 experienced skilled trades professionals in New Brunswick prepare to retire, a vast landscape of opportunities is unfolding. But here&#8217;s what makes this moment even more special: we firmly believe in inclusivity. Whether you&#8217;re a woman, an Indigenous, a newcomer, a youth, a person with disabilities, 2SLGTBQIA+, a visible minority, or from any other background, there&#8217;s a place for you in this evolving sector.<\/p>\n<p>This isn&#8217;t just about jobs. It&#8217;s about embracing a diverse, and inclusive future in skilled trades and building on the foundation laid by those with over 25 years of experience. Everyone is welcome to be a part of this growth, to learn, to lead, and to thrive.<\/p>\n<p>Joignez-vous \u00e0 nous pour fa\u00e7onner un avenir inclusif dans les m\u00e9tiers sp\u00e9cialis\u00e9s, o\u00f9 les possibilit\u00e9s sont abondantes et o\u00f9 chaque voix compte. C\u2019est votre moment, peu importe qui vous \u00eates, de briller.<\/p>\n<h2>\n\t\tHISTOIRES TRANSFORMATRICES DANS LES M\u00c9TIERS SP\u00c9CIALIS\u00c9S\n\t<\/h2>\n\t<p><iframe loading=\"lazy\" width=\"900\" height=\"506\" src=\"https:\/\/www.youtube.com\/embed\/OwOhO5m7Mrs?si=vNg7ccSbVsWA_iZW\" title=\"YouTube video player\" frameborder=\"0\" allow=\"accelerometer; autoplay; clipboard-write; encrypted-media; gyroscope; picture-in-picture; web-share\" referrerpolicy=\"strict-origin-when-cross-origin\" allowfullscreen><\/iframe><\/p>\n\t\t\t<a href=\"https:\/\/nb-map.ca\/fr\/contact\/\" target=\"_self\" rel=\"noopener\">\n\t\t\t\t\t\t\tContactez-nous\n\t\t\t\t\t<\/a>\n<h2>\n\t\tC\u00c9L\u00c9BRONS 10 ANS DE CR\u00c9ATION D\u2019UN AVENIR DIVERSIFI\u00c9 DANS LES M\u00c9TIERS SP\u00c9CIALIS\u00c9S, D\u00c9COUVREZ VOTRE PLACE AVEC NOUS\n\t<\/h2>\n\t<p>Over the past 10 years, we&#8217;ve been dedicated to helping thousands of individuals as they begin their journey in the skilled trades. Alongside industry and government, we&#8217;ve collaborated with dozens of employers to foster a more inclusive and diverse workforce.<\/p>\n\t<p>MAP Strategic Workforce Services (MAPSWS) is an industry-led non-profit organization dedicated to creating welcoming, diverse, and inclusive workplaces in New Brunswick&#8217;s skilled trades industries through effective mentorship training, project management and human resources promising practices.\u00a0 Existing since 2013, MAPSWS was formally incorporated as a non-profit organization in February 2016. MAPSWS offers four programs: NBMAP, New Boots, First in Trades and STEP.<\/p>\n\t\t\t<a href=\"https:\/\/nb-map.ca\/fr\/contact\/\" target=\"_self\" rel=\"noopener\">\n\t\t\t\t\t\t\tContactez-nous\n\t\t\t\t\t<\/a>","protected":false},"excerpt":{"rendered":"<p>SUPPORTING CAREERS IN SKILLED TRADES: WHERE BEGINNERS FLOURISH AND EMPLOYERS THRIVE Empowering the Next Generation of Tradespeople and Elevating Business Success. Contact Us MAP DELIVERS FOUR PROGRAMS Thinking about a career in skilled trades? MAP has four specially crafted programs and services just for you. Each one is designed to guide, train, and support individuals&hellip;<\/p>","protected":false},"author":2,"featured_media":0,"parent":0,"menu_order":0,"comment_status":"closed","ping_status":"closed","template":"","meta":{"_acf_changed":false,"_seopress_robots_primary_cat":"","_seopress_titles_title":"","_seopress_titles_desc":"","_seopress_robots_index":"","footnotes":""},"class_list":["post-84","page","type-page","status-publish","hentry"],"acf":[],"_links":{"self":[{"href":"https:\/\/nb-map.ca\/fr\/wp-json\/wp\/v2\/pages\/84","targetHints":{"allow":["GET"]}}],"collection":[{"href":"https:\/\/nb-map.ca\/fr\/wp-json\/wp\/v2\/pages"}],"about":[{"href":"https:\/\/nb-map.ca\/fr\/wp-json\/wp\/v2\/types\/page"}],"author":[{"embeddable":true,"href":"https:\/\/nb-map.ca\/fr\/wp-json\/wp\/v2\/users\/2"}],"replies":[{"embeddable":true,"href":"https:\/\/nb-map.ca\/fr\/wp-json\/wp\/v2\/comments?post=84"}],"version-history":[{"count":98,"href":"https:\/\/nb-map.ca\/fr\/wp-json\/wp\/v2\/pages\/84\/revisions"}],"predecessor-version":[{"id":26960,"href":"https:\/\/nb-map.ca\/fr\/wp-json\/wp\/v2\/pages\/84\/revisions\/26960"}],"wp:attachment":[{"href":"https:\/\/nb-map.ca\/fr\/wp-json\/wp\/v2\/media?parent=84"}],"curies":[{"name":"wp","href":"https:\/\/api.w.org\/{rel}","templated":true}]}}